{"id":14766,"date":"2025-10-06T04:04:34","date_gmt":"2025-10-06T04:04:34","guid":{"rendered":"https:\/\/colegiocristianointegral.com\/?page_id=14766"},"modified":"2026-03-22T11:15:34","modified_gmt":"2026-03-22T11:15:34","slug":"institutional-values","status":"publish","type":"page","link":"https:\/\/colegiocristianointegral.com\/en\/institutional-values\/","title":{"rendered":"Institutional values"},"content":{"rendered":"<style>.elementor-14766 .elementor-element.elementor-element-2f82966 > .elementor-container{max-width:1600px;}.elementor-14766 .elementor-element.elementor-element-2f82966:not(.elementor-motion-effects-element-type-background), .elementor-14766 .elementor-element.elementor-element-2f82966 > .elementor-motion-effects-container > .elementor-motion-effects-layer{background-image:url(\"https:\/\/colegiocristianointegral.com\/wp-content\/uploads\/2025\/10\/Valores-institucionales-scaled.webp\");background-position:0px -116px;background-size:cover;}.elementor-14766 .elementor-element.elementor-element-2f82966{transition:background 0.3s, border 0.3s, border-radius 0.3s, box-shadow 0.3s;padding:200px 0px 250px 0px;}.elementor-14766 .elementor-element.elementor-element-2f82966 > .elementor-background-overlay{transition:background 0.3s, border-radius 0.3s, opacity 0.3s;}.elementor-14766 .elementor-element.elementor-element-cbd9cb1 > .elementor-container{max-width:809px;}.elementor-14766 .elementor-element.elementor-element-dcd7aae > .elementor-element-populated{padding:0px 0px 0px 0px;}.elementor-14766 .elementor-element.elementor-element-2a70fc7{text-align:center;}.elementor-14766 .elementor-element.elementor-element-2a70fc7 .elementor-heading-title{font-size:50px;color:var( --e-global-color-accent );}.elementor-14766 .elementor-element.elementor-element-2a70fc7 > .elementor-widget-container{margin:-50px 0px 0px 0px;padding:20px 20px 20px 20px;background-color:#FFFFFF;border-style:solid;border-width:5px 0px 0px 0px;border-color:var( --e-global-color-primary );}.elementor-14766 .elementor-element.elementor-element-d861b5f > .elementor-container{max-width:1160px;}.elementor-14766 .elementor-element.elementor-element-d861b5f:not(.elementor-motion-effects-element-type-background), .elementor-14766 .elementor-element.elementor-element-d861b5f > .elementor-motion-effects-container > .elementor-motion-effects-layer{background-color:#F5F5F56E;}.elementor-14766 .elementor-element.elementor-element-d861b5f > .elementor-background-overlay{background-image:url(\"https:\/\/colegiocristianointegral.com\/wp-content\/uploads\/2024\/10\/uniico032.png\");background-repeat:repeat;background-size:auto;opacity:0.1;transition:background 0.3s, border-radius 0.3s, opacity 0.3s;}.elementor-14766 .elementor-element.elementor-element-d861b5f{transition:background 0.3s, border 0.3s, border-radius 0.3s, box-shadow 0.3s;padding:100px 0px 100px 0px;}.elementor-bc-flex-widget .elementor-14766 .elementor-element.elementor-element-63d7200.elementor-column .elementor-widget-wrap{align-items:center;}.elementor-14766 .elementor-element.elementor-element-63d7200.elementor-column.elementor-element[data-element_type=\"column\"] > .elementor-widget-wrap.elementor-element-populated{align-content:center;align-items:center;}.elementor-14766 .elementor-element.elementor-element-fb1cf85{text-align:justify;font-family:var( --e-global-typography-text-font-family ), Serif;font-size:var( --e-global-typography-text-font-size );font-weight:var( --e-global-typography-text-font-weight );color:var( --e-global-color-text );}.elementor-14766 .elementor-element.elementor-element-fb1cf85 > .elementor-widget-container{padding:0px 160px 0px 0px;}:root{--page-title-display:none;}@media(max-width:1024px){.elementor-14766 .elementor-element.elementor-element-2f82966:not(.elementor-motion-effects-element-type-background), .elementor-14766 .elementor-element.elementor-element-2f82966 > .elementor-motion-effects-container > .elementor-motion-effects-layer{background-position:0px 0px;}.elementor-14766 .elementor-element.elementor-element-2f82966{padding:100px 0px 100px 0px;}.elementor-14766 .elementor-element.elementor-element-dcd7aae > .elementor-element-populated{margin:0px 0px 0px 0px;--e-column-margin-right:0px;--e-column-margin-left:0px;padding:0px 0px 0px 0px;}.elementor-14766 .elementor-element.elementor-element-2a70fc7{text-align:start;}.elementor-14766 .elementor-element.elementor-element-2a70fc7 > .elementor-widget-container{margin:-32px 70px 0px 0px;padding:20px 0px 20px 10px;}.elementor-14766 .elementor-element.elementor-element-fb1cf85{font-size:var( --e-global-typography-text-font-size );}.elementor-14766 .elementor-element.elementor-element-fb1cf85 > .elementor-widget-container{margin:0px 0px 0px 0px;padding:0px 0px 0px 0px;}}@media(max-width:767px){.elementor-14766 .elementor-element.elementor-element-2f82966:not(.elementor-motion-effects-element-type-background), .elementor-14766 .elementor-element.elementor-element-2f82966 > .elementor-motion-effects-container > .elementor-motion-effects-layer{background-position:-41px 0px;}.elementor-14766 .elementor-element.elementor-element-2f82966{padding:100px 0px 100px 0px;}.elementor-14766 .elementor-element.elementor-element-dcd7aae > .elementor-element-populated{margin:0px 0px 0px 0px;--e-column-margin-right:0px;--e-column-margin-left:0px;padding:0px 0px 0px 0px;}.elementor-14766 .elementor-element.elementor-element-2a70fc7{text-align:start;}.elementor-14766 .elementor-element.elementor-element-2a70fc7 .elementor-heading-title{font-size:30px;}.elementor-14766 .elementor-element.elementor-element-2a70fc7 > .elementor-widget-container{margin:-50px 66px 0px 1px;padding:20px 0px 20px 15px;}.elementor-14766 .elementor-element.elementor-element-d861b5f{padding:50px 0px 50px 0px;}.elementor-14766 .elementor-element.elementor-element-63d7200 > .elementor-element-populated{margin:0px 15px 0px 15px;--e-column-margin-right:15px;--e-column-margin-left:15px;}.elementor-14766 .elementor-element.elementor-element-fb1cf85{font-size:var( --e-global-typography-text-font-size );}.elementor-14766 .elementor-element.elementor-element-fb1cf85 > .elementor-widget-container{padding:0px 0px 0px 0px;}}<\/style>\t\t<div data-elementor-type=\"wp-page\" data-elementor-id=\"14766\" class=\"elementor elementor-14766\" data-elementor-post-type=\"page\">\n\t\t\t\t\t\t<section class=\"elementor-section elementor-top-section elementor-element elementor-element-2f82966 elementor-section-boxed elementor-section-height-default elementor-section-height-default\" data-id=\"2f82966\" data-element_type=\"section\" data-e-type=\"section\" data-settings=\"{&quot;background_background&quot;:&quot;classic&quot;}\">\n\t\t\t\t\t\t<div class=\"elementor-container elementor-column-gap-default\">\n\t\t\t\t\t<div class=\"elementor-column elementor-col-100 elementor-top-column elementor-element elementor-element-23462e2\" data-id=\"23462e2\" data-element_type=\"column\" data-e-type=\"column\">\n\t\t\t<div class=\"elementor-widget-wrap\">\n\t\t\t\t\t\t\t<\/div>\n\t\t<\/div>\n\t\t\t\t\t<\/div>\n\t\t<\/section>\n\t\t\t\t<section class=\"elementor-section elementor-top-section elementor-element elementor-element-cbd9cb1 elementor-section-boxed elementor-section-height-default elementor-section-height-default\" data-id=\"cbd9cb1\" data-element_type=\"section\" data-e-type=\"section\">\n\t\t\t\t\t\t<div class=\"elementor-container elementor-column-gap-default\">\n\t\t\t\t\t<div class=\"elementor-column elementor-col-100 elementor-top-column elementor-element elementor-element-dcd7aae\" data-id=\"dcd7aae\" data-element_type=\"column\" data-e-type=\"column\">\n\t\t\t<div class=\"elementor-widget-wrap elementor-element-populated\">\n\t\t\t\t\t\t<div class=\"elementor-element elementor-element-2a70fc7 elementor-widget elementor-widget-heading\" data-id=\"2a70fc7\" data-element_type=\"widget\" data-e-type=\"widget\" data-widget_type=\"heading.default\">\n\t\t\t\t<div class=\"elementor-widget-container\">\n\t\t\t\t\t<h3 class=\"elementor-heading-title elementor-size-default\">Valores Institucionales \n<\/h3>\t\t\t\t<\/div>\n\t\t\t\t<\/div>\n\t\t\t\t\t<\/div>\n\t\t<\/div>\n\t\t\t\t\t<\/div>\n\t\t<\/section>\n\t\t\t\t<section class=\"elementor-section elementor-top-section elementor-element elementor-element-d861b5f elementor-section-boxed elementor-section-height-default elementor-section-height-default\" data-id=\"d861b5f\" data-element_type=\"section\" data-e-type=\"section\" data-settings=\"{&quot;background_background&quot;:&quot;classic&quot;}\">\n\t\t\t\t\t\t\t<div class=\"elementor-background-overlay\"><\/div>\n\t\t\t\t\t\t\t<div class=\"elementor-container elementor-column-gap-default\">\n\t\t\t\t\t<div class=\"elementor-column elementor-col-100 elementor-top-column elementor-element elementor-element-63d7200\" data-id=\"63d7200\" data-element_type=\"column\" data-e-type=\"column\">\n\t\t\t<div class=\"elementor-widget-wrap elementor-element-populated\">\n\t\t\t\t\t\t<div class=\"elementor-element elementor-element-fb1cf85 elementor-widget elementor-widget-text-editor\" data-id=\"fb1cf85\" data-element_type=\"widget\" data-e-type=\"widget\" data-widget_type=\"text-editor.default\">\n\t\t\t\t<div class=\"elementor-widget-container\">\n\t\t\t\t\t\t\t\t\t<div class=\"vc_row wpb_row vc_row-fluid vc_custom_1610464159122 vc_row-no-padding vc_row-o-equal-height vc_row-flex\" data-vc-full-width=\"true\" data-vc-full-width-init=\"true\" data-vc-stretch-content=\"true\"><div class=\"wpb_column vc_column_container vc_col-sm-12 vc_col-md-6 vc_col-has-fill\"><div class=\"vc_column-inner vc_custom_1610464173036\"><div class=\"wpb_wrapper\"><div id=\"ultimate-heading-876068b0f37e566ee\" class=\"uvc-heading ult-adjust-bottom-margin ultimate-heading-876068b0f37e566ee uvc-9853 \" data-hspacer=\"no_spacer\" data-halign=\"center\"><div class=\"uvc-sub-heading ult-responsive\" data-ultimate-target=\".uvc-heading.ultimate-heading-876068b0f37e566ee .uvc-sub-heading \" data-responsive-json-new=\"{&quot;font-size&quot;:&quot;desktop:14px;&quot;,&quot;line-height&quot;:&quot;&quot;}\"><p style=\"text-align: center;\" data-start=\"258\" data-end=\"298\"><strong data-start=\"261\" data-end=\"298\">PRINCIPIOS Y VALORES ESPIRITUALES<\/strong><\/p><p data-start=\"300\" data-end=\"317\">En el Colegio Cristiano Integral de Funza formamos estudiantes con fundamentos b\u00edblicos s\u00f3lidos, guiados por valores que reflejan el car\u00e1cter de Cristo y fortalecen una verdadera cultura de Reino.<\/p><p data-start=\"300\" data-end=\"317\"><strong>Amor<\/strong><\/p><p data-start=\"300\" data-end=\"317\">Promovemos el amor como principio esencial de nuestras relaciones, practicando el respeto, la empat\u00eda y el cuidado por los dem\u00e1s.<\/p><p data-start=\"300\" data-end=\"317\">\u201cY ahora permanecen la fe, la esperanza y el amor, estos tres; pero el mayor de ellos es el amor.\u201d \u2013 Biblia, 1 Corintios 13:13.<\/p><p data-start=\"300\" data-end=\"317\"><strong>Fe<\/strong><\/p><p data-start=\"300\" data-end=\"317\">Vivimos confiando en Dios como fundamento de nuestra formaci\u00f3n acad\u00e9mica y espiritual,<br \/>creyendo que \u00c9l gu\u00eda cada paso de nuestra comunidad educativa.<\/p><p data-start=\"300\" data-end=\"317\">\u201cEs, pues, la fe la certeza de lo que se espera, la convicci\u00f3n de lo que no se ve.\u201d \u2013 Biblia, Hebreos 11:1.<\/p><p data-start=\"300\" data-end=\"317\"><strong>Integridad<\/strong><\/p><p data-start=\"300\" data-end=\"317\">Actuamos con coherencia, honestidad y rectitud, reflejando en cada acci\u00f3n los principios b\u00edblicos que ense\u00f1amos.<\/p><p data-start=\"300\" data-end=\"317\">\u201cEl justo camina en su integridad; bienaventurados ser\u00e1n sus hijos despu\u00e9s de \u00e9l.\u201d \u2013 Biblia, Proverbios 20:7.<\/p><p data-start=\"300\" data-end=\"317\"><strong>Pasi\u00f3n por Servir<\/strong><\/p><p data-start=\"300\" data-end=\"317\">Fomentamos un coraz\u00f3n dispuesto a servir con alegr\u00eda, entendiendo que servir es reflejar el ejemplo de Jes\u00fas.<\/p><p data-start=\"300\" data-end=\"317\">\u201cServ\u00edos por amor los unos a los otros.\u201d \u2013 Biblia, G\u00e1latas 5:13.<\/p><p data-start=\"300\" data-end=\"317\"><strong>Excelencia<\/strong><\/p><p data-start=\"300\" data-end=\"317\">Buscamos hacer todo con dedicaci\u00f3n y calidad, honrando a Dios acad\u00e9mica y personal.<\/p><p data-start=\"300\" data-end=\"317\">\u201cY todo lo que hag\u00e1is, hacedlo de coraz\u00f3n, como para el Se\u00f1or y no para los hombres.\u201d \u2013 Biblia, Colosenses 3:23.<\/p><\/div><\/div><\/div><\/div><\/div><\/div>\t\t\t\t\t\t\t\t<\/div>\n\t\t\t\t<\/div>\n\t\t\t\t\t<\/div>\n\t\t<\/div>\n\t\t\t\t\t<\/div>\n\t\t<\/section>\n\t\t\t\t<\/div>\n\t\t","protected":false},"excerpt":{"rendered":"<p>Valores Institucionales PRINCIPIOS Y VALORES ESPIRITUALES En el Colegio Cristiano Integral de Funza formamos estudiantes con fundamentos b\u00edblicos s\u00f3lidos, guiados por valores que reflejan el car\u00e1cter de Cristo y fortalecen una verdadera cultura de Reino. Amor Promovemos el amor como principio esencial de nuestras relaciones, practicando el respeto, la empat\u00eda y el cuidado por los [&hellip;]<\/p>\n","protected":false},"author":1,"featured_media":0,"parent":0,"menu_order":0,"comment_status":"closed","ping_status":"closed","template":"","meta":{"footnotes":""},"class_list":["post-14766","page","type-page","status-publish","hentry"],"yoast_head":"<!-- This site is optimized with the Yoast SEO Premium plugin v26.2 (Yoast SEO v26.2) - https:\/\/yoast.com\/wordpress\/plugins\/seo\/ -->\n<title>Valores institucionales - Colegio Cristiano Integral<\/title>\n<meta name=\"robots\" content=\"index, follow, max-snippet:-1, max-image-preview:large, max-video-preview:-1\" \/>\n<link rel=\"canonical\" href=\"https:\/\/colegiocristianointegral.com\/en\/institutional-values\/\" \/>\n<meta property=\"og:locale\" content=\"en_US\" \/>\n<meta property=\"og:type\" content=\"article\" \/>\n<meta property=\"og:title\" content=\"Valores institucionales\" \/>\n<meta property=\"og:description\" content=\"Valores Institucionales PRINCIPIOS Y VALORES ESPIRITUALES En el Colegio Cristiano Integral de Funza formamos estudiantes con fundamentos b\u00edblicos s\u00f3lidos, guiados por valores que reflejan el car\u00e1cter de Cristo y fortalecen una verdadera cultura de Reino. Amor Promovemos el amor como principio esencial de nuestras relaciones, practicando el respeto, la empat\u00eda y el cuidado por los [&hellip;]\" \/>\n<meta property=\"og:url\" content=\"https:\/\/colegiocristianointegral.com\/en\/institutional-values\/\" \/>\n<meta property=\"og:site_name\" content=\"Colegio Cristiano Integral\" \/>\n<meta property=\"article:modified_time\" content=\"2026-03-22T11:15:34+00:00\" \/>\n<meta name=\"twitter:card\" content=\"summary_large_image\" \/>\n<meta name=\"twitter:label1\" content=\"Est. reading time\" \/>\n\t<meta name=\"twitter:data1\" content=\"2 minutes\" \/>\n<script type=\"application\/ld+json\" class=\"yoast-schema-graph\">{\"@context\":\"https:\/\/schema.org\",\"@graph\":[{\"@type\":\"WebPage\",\"@id\":\"https:\/\/colegiocristianointegral.com\/valores-institucionales\/\",\"url\":\"https:\/\/colegiocristianointegral.com\/valores-institucionales\/\",\"name\":\"Valores institucionales - Colegio Cristiano Integral\",\"isPartOf\":{\"@id\":\"https:\/\/colegiocristianointegral.com\/#website\"},\"datePublished\":\"2025-10-06T04:04:34+00:00\",\"dateModified\":\"2026-03-22T11:15:34+00:00\",\"breadcrumb\":{\"@id\":\"https:\/\/colegiocristianointegral.com\/valores-institucionales\/#breadcrumb\"},\"inLanguage\":\"en-US\",\"potentialAction\":[{\"@type\":\"ReadAction\",\"target\":[\"https:\/\/colegiocristianointegral.com\/valores-institucionales\/\"]}]},{\"@type\":\"BreadcrumbList\",\"@id\":\"https:\/\/colegiocristianointegral.com\/valores-institucionales\/#breadcrumb\",\"itemListElement\":[{\"@type\":\"ListItem\",\"position\":1,\"name\":\"Home\",\"item\":\"https:\/\/colegiocristianointegral.com\/\"},{\"@type\":\"ListItem\",\"position\":2,\"name\":\"Valores institucionales\"}]},{\"@type\":\"WebSite\",\"@id\":\"https:\/\/colegiocristianointegral.com\/#website\",\"url\":\"https:\/\/colegiocristianointegral.com\/\",\"name\":\"Colegio Cristiano Integral\",\"description\":\"\",\"publisher\":{\"@id\":\"https:\/\/colegiocristianointegral.com\/#organization\"},\"potentialAction\":[{\"@type\":\"SearchAction\",\"target\":{\"@type\":\"EntryPoint\",\"urlTemplate\":\"https:\/\/colegiocristianointegral.com\/?s={search_term_string}\"},\"query-input\":{\"@type\":\"PropertyValueSpecification\",\"valueRequired\":true,\"valueName\":\"search_term_string\"}}],\"inLanguage\":\"en-US\"},{\"@type\":\"Organization\",\"@id\":\"https:\/\/colegiocristianointegral.com\/#organization\",\"name\":\"Colegio Cristiano Integral\",\"url\":\"https:\/\/colegiocristianointegral.com\/\",\"logo\":{\"@type\":\"ImageObject\",\"inLanguage\":\"en-US\",\"@id\":\"https:\/\/colegiocristianointegral.com\/#\/schema\/logo\/image\/\",\"url\":\"https:\/\/colegiocristianointegral.com\/wp-content\/uploads\/2021\/01\/LOGO-1-GRAN.png\",\"contentUrl\":\"https:\/\/colegiocristianointegral.com\/wp-content\/uploads\/2021\/01\/LOGO-1-GRAN.png\",\"width\":1492,\"height\":335,\"caption\":\"Colegio Cristiano Integral\"},\"image\":{\"@id\":\"https:\/\/colegiocristianointegral.com\/#\/schema\/logo\/image\/\"}}]}<\/script>\n<!-- \/ Yoast SEO Premium plugin. -->","yoast_head_json":{"title":"Institutional values - Colegio Cristiano Integral","robots":{"index":"index","follow":"follow","max-snippet":"max-snippet:-1","max-image-preview":"max-image-preview:large","max-video-preview":"max-video-preview:-1"},"canonical":"https:\/\/colegiocristianointegral.com\/en\/institutional-values\/","og_locale":"en_US","og_type":"article","og_title":"Valores institucionales","og_description":"Valores Institucionales PRINCIPIOS Y VALORES ESPIRITUALES En el Colegio Cristiano Integral de Funza formamos estudiantes con fundamentos b\u00edblicos s\u00f3lidos, guiados por valores que reflejan el car\u00e1cter de Cristo y fortalecen una verdadera cultura de Reino. Amor Promovemos el amor como principio esencial de nuestras relaciones, practicando el respeto, la empat\u00eda y el cuidado por los [&hellip;]","og_url":"https:\/\/colegiocristianointegral.com\/en\/institutional-values\/","og_site_name":"Colegio Cristiano Integral","article_modified_time":"2026-03-22T11:15:34+00:00","twitter_card":"summary_large_image","twitter_misc":{"Est. reading time":"2 minutes"},"schema":{"@context":"https:\/\/schema.org","@graph":[{"@type":"WebPage","@id":"https:\/\/colegiocristianointegral.com\/valores-institucionales\/","url":"https:\/\/colegiocristianointegral.com\/valores-institucionales\/","name":"Institutional values - Colegio Cristiano Integral","isPartOf":{"@id":"https:\/\/colegiocristianointegral.com\/#website"},"datePublished":"2025-10-06T04:04:34+00:00","dateModified":"2026-03-22T11:15:34+00:00","breadcrumb":{"@id":"https:\/\/colegiocristianointegral.com\/valores-institucionales\/#breadcrumb"},"inLanguage":"en-US","potentialAction":[{"@type":"ReadAction","target":["https:\/\/colegiocristianointegral.com\/valores-institucionales\/"]}]},{"@type":"BreadcrumbList","@id":"https:\/\/colegiocristianointegral.com\/valores-institucionales\/#breadcrumb","itemListElement":[{"@type":"ListItem","position":1,"name":"Home","item":"https:\/\/colegiocristianointegral.com\/"},{"@type":"ListItem","position":2,"name":"Valores institucionales"}]},{"@type":"WebSite","@id":"https:\/\/colegiocristianointegral.com\/#website","url":"https:\/\/colegiocristianointegral.com\/","name":"Colegio Cristiano Integral","description":"","publisher":{"@id":"https:\/\/colegiocristianointegral.com\/#organization"},"potentialAction":[{"@type":"SearchAction","target":{"@type":"EntryPoint","urlTemplate":"https:\/\/colegiocristianointegral.com\/?s={search_term_string}"},"query-input":{"@type":"PropertyValueSpecification","valueRequired":true,"valueName":"search_term_string"}}],"inLanguage":"en-US"},{"@type":"Organization","@id":"https:\/\/colegiocristianointegral.com\/#organization","name":"Colegio Cristiano Integral","url":"https:\/\/colegiocristianointegral.com\/","logo":{"@type":"ImageObject","inLanguage":"en-US","@id":"https:\/\/colegiocristianointegral.com\/#\/schema\/logo\/image\/","url":"https:\/\/colegiocristianointegral.com\/wp-content\/uploads\/2021\/01\/LOGO-1-GRAN.png","contentUrl":"https:\/\/colegiocristianointegral.com\/wp-content\/uploads\/2021\/01\/LOGO-1-GRAN.png","width":1492,"height":335,"caption":"Colegio Cristiano Integral"},"image":{"@id":"https:\/\/colegiocristianointegral.com\/#\/schema\/logo\/image\/"}}]}},"_links":{"self":[{"href":"https:\/\/colegiocristianointegral.com\/en\/wp-json\/wp\/v2\/pages\/14766","targetHints":{"allow":["GET"]}}],"collection":[{"href":"https:\/\/colegiocristianointegral.com\/en\/wp-json\/wp\/v2\/pages"}],"about":[{"href":"https:\/\/colegiocristianointegral.com\/en\/wp-json\/wp\/v2\/types\/page"}],"author":[{"embeddable":true,"href":"https:\/\/colegiocristianointegral.com\/en\/wp-json\/wp\/v2\/users\/1"}],"replies":[{"embeddable":true,"href":"https:\/\/colegiocristianointegral.com\/en\/wp-json\/wp\/v2\/comments?post=14766"}],"version-history":[{"count":13,"href":"https:\/\/colegiocristianointegral.com\/en\/wp-json\/wp\/v2\/pages\/14766\/revisions"}],"predecessor-version":[{"id":15042,"href":"https:\/\/colegiocristianointegral.com\/en\/wp-json\/wp\/v2\/pages\/14766\/revisions\/15042"}],"wp:attachment":[{"href":"https:\/\/colegiocristianointegral.com\/en\/wp-json\/wp\/v2\/media?parent=14766"}],"curies":[{"name":"wp","href":"https:\/\/api.w.org\/{rel}","templated":true}]}}