{"id":14630,"date":"2025-09-03T21:47:55","date_gmt":"2025-09-03T21:47:55","guid":{"rendered":"https:\/\/colegiocristianointegral.com\/?page_id=14630"},"modified":"2025-10-06T04:16:02","modified_gmt":"2025-10-06T04:16:02","slug":"institutional-mission","status":"publish","type":"page","link":"https:\/\/colegiocristianointegral.com\/en\/institutional-mission\/","title":{"rendered":"Institutional Mission"},"content":{"rendered":"<style>.elementor-14630 .elementor-element.elementor-element-2f82966 > .elementor-container{max-width:1600px;}.elementor-14630 .elementor-element.elementor-element-2f82966:not(.elementor-motion-effects-element-type-background), .elementor-14630 .elementor-element.elementor-element-2f82966 > .elementor-motion-effects-container > .elementor-motion-effects-layer{background-image:url(\"https:\/\/colegiocristianointegral.com\/wp-content\/uploads\/2025\/09\/DSC00080-scaled.webp\");background-position:0px -521px;background-size:cover;}.elementor-14630 .elementor-element.elementor-element-2f82966{transition:background 0.3s, border 0.3s, border-radius 0.3s, box-shadow 0.3s;padding:200px 0px 250px 0px;}.elementor-14630 .elementor-element.elementor-element-2f82966 > .elementor-background-overlay{transition:background 0.3s, border-radius 0.3s, opacity 0.3s;}.elementor-14630 .elementor-element.elementor-element-cbd9cb1 > .elementor-container{max-width:809px;}.elementor-14630 .elementor-element.elementor-element-dcd7aae > .elementor-element-populated{padding:0px 0px 0px 0px;}.elementor-14630 .elementor-element.elementor-element-2a70fc7{text-align:center;}.elementor-14630 .elementor-element.elementor-element-2a70fc7 .elementor-heading-title{font-size:50px;color:var( --e-global-color-accent );}.elementor-14630 .elementor-element.elementor-element-2a70fc7 > .elementor-widget-container{margin:-50px 0px 0px 0px;padding:20px 20px 20px 20px;background-color:#FFFFFF;border-style:solid;border-width:5px 0px 0px 0px;border-color:var( --e-global-color-primary );}.elementor-14630 .elementor-element.elementor-element-d861b5f > .elementor-container{max-width:1450px;}.elementor-14630 .elementor-element.elementor-element-d861b5f:not(.elementor-motion-effects-element-type-background), .elementor-14630 .elementor-element.elementor-element-d861b5f > .elementor-motion-effects-container > .elementor-motion-effects-layer{background-color:#F5F5F56E;}.elementor-14630 .elementor-element.elementor-element-d861b5f > .elementor-background-overlay{background-image:url(\"https:\/\/colegiocristianointegral.com\/wp-content\/uploads\/2024\/10\/uniico032.png\");background-repeat:repeat;background-size:auto;opacity:0.1;transition:background 0.3s, border-radius 0.3s, opacity 0.3s;}.elementor-14630 .elementor-element.elementor-element-d861b5f{transition:background 0.3s, border 0.3s, border-radius 0.3s, box-shadow 0.3s;padding:100px 0px 100px 0px;}.elementor-bc-flex-widget .elementor-14630 .elementor-element.elementor-element-434a932.elementor-column .elementor-widget-wrap{align-items:center;}.elementor-14630 .elementor-element.elementor-element-434a932.elementor-column.elementor-element[data-element_type=\"column\"] > .elementor-widget-wrap.elementor-element-populated{align-content:center;align-items:center;}.elementor-14630 .elementor-element.elementor-element-d49e7a9 img{width:70%;border-radius:10px 10px 10px 10px;box-shadow:0px 0px 10px 0px rgba(0, 0, 0, 0.18);}.elementor-14630 .elementor-element.elementor-element-b49f204{text-align:center;}.elementor-14630 .elementor-element.elementor-element-b49f204 .elementor-heading-title{color:var( --e-global-color-primary );}.elementor-14630 .elementor-element.elementor-element-b49f204 > .elementor-widget-container{margin:-70px 137px 0px 327px;padding:20px 25px 20px 0px;background-color:#FFFFFF;border-style:solid;border-width:5px 0px 0px 0px;border-color:var( --e-global-color-primary );}.elementor-bc-flex-widget .elementor-14630 .elementor-element.elementor-element-63d7200.elementor-column .elementor-widget-wrap{align-items:center;}.elementor-14630 .elementor-element.elementor-element-63d7200.elementor-column.elementor-element[data-element_type=\"column\"] > .elementor-widget-wrap.elementor-element-populated{align-content:center;align-items:center;}.elementor-14630 .elementor-element.elementor-element-fb1cf85{text-align:justify;font-family:var( --e-global-typography-text-font-family ), Serif;font-size:var( --e-global-typography-text-font-size );font-weight:var( --e-global-typography-text-font-weight );color:var( --e-global-color-text );}.elementor-14630 .elementor-element.elementor-element-fb1cf85 > .elementor-widget-container{padding:0px 160px 0px 0px;}:root{--page-title-display:none;}@media(min-width:768px){.elementor-14630 .elementor-element.elementor-element-434a932{width:53.172%;}.elementor-14630 .elementor-element.elementor-element-63d7200{width:46.794%;}}@media(max-width:1024px){.elementor-14630 .elementor-element.elementor-element-2f82966:not(.elementor-motion-effects-element-type-background), .elementor-14630 .elementor-element.elementor-element-2f82966 > .elementor-motion-effects-container > .elementor-motion-effects-layer{background-position:0px 0px;}.elementor-14630 .elementor-element.elementor-element-2f82966{padding:100px 0px 100px 0px;}.elementor-14630 .elementor-element.elementor-element-dcd7aae > .elementor-element-populated{margin:0px 0px 0px 0px;--e-column-margin-right:0px;--e-column-margin-left:0px;padding:0px 0px 0px 0px;}.elementor-14630 .elementor-element.elementor-element-2a70fc7{text-align:start;}.elementor-14630 .elementor-element.elementor-element-2a70fc7 > .elementor-widget-container{margin:-32px 70px 0px 0px;padding:20px 0px 20px 10px;}.elementor-14630 .elementor-element.elementor-element-d49e7a9 img{width:100%;}.elementor-14630 .elementor-element.elementor-element-b49f204 > .elementor-widget-container{margin:-19% 26% 0% 0%;}.elementor-14630 .elementor-element.elementor-element-fb1cf85{font-size:var( --e-global-typography-text-font-size );}.elementor-14630 .elementor-element.elementor-element-fb1cf85 > .elementor-widget-container{margin:0px 0px 0px 0px;padding:0px 0px 0px 0px;}}@media(max-width:767px){.elementor-14630 .elementor-element.elementor-element-2f82966:not(.elementor-motion-effects-element-type-background), .elementor-14630 .elementor-element.elementor-element-2f82966 > .elementor-motion-effects-container > .elementor-motion-effects-layer{background-position:0px 0px;}.elementor-14630 .elementor-element.elementor-element-2f82966{padding:100px 0px 100px 0px;}.elementor-14630 .elementor-element.elementor-element-dcd7aae > .elementor-element-populated{margin:0px 0px 0px 0px;--e-column-margin-right:0px;--e-column-margin-left:0px;padding:0px 0px 0px 0px;}.elementor-14630 .elementor-element.elementor-element-2a70fc7{text-align:start;}.elementor-14630 .elementor-element.elementor-element-2a70fc7 .elementor-heading-title{font-size:30px;}.elementor-14630 .elementor-element.elementor-element-2a70fc7 > .elementor-widget-container{margin:-50px 66px 0px 1px;padding:20px 0px 20px 15px;}.elementor-14630 .elementor-element.elementor-element-d861b5f{padding:50px 0px 50px 0px;}.elementor-14630 .elementor-element.elementor-element-d49e7a9 img{width:100%;}.elementor-14630 .elementor-element.elementor-element-b49f204{text-align:start;}.elementor-14630 .elementor-element.elementor-element-b49f204 > .elementor-widget-container{margin:-50px 35px 0px 0px;padding:15px 0px 15px 0px;}.elementor-14630 .elementor-element.elementor-element-fb1cf85{font-size:var( --e-global-typography-text-font-size );}.elementor-14630 .elementor-element.elementor-element-fb1cf85 > .elementor-widget-container{padding:0px 0px 0px 0px;}}<\/style>\t\t<div data-elementor-type=\"wp-page\" data-elementor-id=\"14630\" class=\"elementor elementor-14630\" data-elementor-post-type=\"page\">\n\t\t\t\t\t\t<section class=\"elementor-section elementor-top-section elementor-element elementor-element-2f82966 elementor-section-boxed elementor-section-height-default elementor-section-height-default\" data-id=\"2f82966\" data-element_type=\"section\" data-e-type=\"section\" data-settings=\"{&quot;background_background&quot;:&quot;classic&quot;}\">\n\t\t\t\t\t\t<div class=\"elementor-container elementor-column-gap-default\">\n\t\t\t\t\t<div class=\"elementor-column elementor-col-100 elementor-top-column elementor-element elementor-element-23462e2\" data-id=\"23462e2\" data-element_type=\"column\" data-e-type=\"column\">\n\t\t\t<div class=\"elementor-widget-wrap\">\n\t\t\t\t\t\t\t<\/div>\n\t\t<\/div>\n\t\t\t\t\t<\/div>\n\t\t<\/section>\n\t\t\t\t<section class=\"elementor-section elementor-top-section elementor-element elementor-element-cbd9cb1 elementor-section-boxed elementor-section-height-default elementor-section-height-default\" data-id=\"cbd9cb1\" data-element_type=\"section\" data-e-type=\"section\">\n\t\t\t\t\t\t<div class=\"elementor-container elementor-column-gap-default\">\n\t\t\t\t\t<div class=\"elementor-column elementor-col-100 elementor-top-column elementor-element elementor-element-dcd7aae\" data-id=\"dcd7aae\" data-element_type=\"column\" data-e-type=\"column\">\n\t\t\t<div class=\"elementor-widget-wrap elementor-element-populated\">\n\t\t\t\t\t\t<div class=\"elementor-element elementor-element-2a70fc7 elementor-widget elementor-widget-heading\" data-id=\"2a70fc7\" data-element_type=\"widget\" data-e-type=\"widget\" data-widget_type=\"heading.default\">\n\t\t\t\t<div class=\"elementor-widget-container\">\n\t\t\t\t\t<h3 class=\"elementor-heading-title elementor-size-default\">Misi\u00f3n \n<\/h3>\t\t\t\t<\/div>\n\t\t\t\t<\/div>\n\t\t\t\t\t<\/div>\n\t\t<\/div>\n\t\t\t\t\t<\/div>\n\t\t<\/section>\n\t\t\t\t<section class=\"elementor-section elementor-top-section elementor-element elementor-element-d861b5f elementor-section-boxed elementor-section-height-default elementor-section-height-default\" data-id=\"d861b5f\" data-element_type=\"section\" data-e-type=\"section\" data-settings=\"{&quot;background_background&quot;:&quot;classic&quot;}\">\n\t\t\t\t\t\t\t<div class=\"elementor-background-overlay\"><\/div>\n\t\t\t\t\t\t\t<div class=\"elementor-container elementor-column-gap-default\">\n\t\t\t\t\t<div class=\"elementor-column elementor-col-50 elementor-top-column elementor-element elementor-element-434a932\" data-id=\"434a932\" data-element_type=\"column\" data-e-type=\"column\">\n\t\t\t<div class=\"elementor-widget-wrap elementor-element-populated\">\n\t\t\t\t\t\t<div class=\"elementor-element elementor-element-d49e7a9 elementor-widget elementor-widget-image\" data-id=\"d49e7a9\" data-element_type=\"widget\" data-e-type=\"widget\" data-widget_type=\"image.default\">\n\t\t\t\t<div class=\"elementor-widget-container\">\n\t\t\t\t\t\t\t\t\t\t\t\t\t\t\t<img fetchpriority=\"high\" decoding=\"async\" width=\"2560\" height=\"1920\" src=\"https:\/\/colegiocristianointegral.com\/wp-content\/uploads\/2025\/10\/Mision_1-scaled.webp\" class=\"attachment-full size-full wp-image-14784\" alt=\"\" srcset=\"https:\/\/colegiocristianointegral.com\/wp-content\/uploads\/2025\/10\/Mision_1-scaled.webp 2560w, https:\/\/colegiocristianointegral.com\/wp-content\/uploads\/2025\/10\/Mision_1-510x383.webp 510w, https:\/\/colegiocristianointegral.com\/wp-content\/uploads\/2025\/10\/Mision_1-900x675.webp 900w, https:\/\/colegiocristianointegral.com\/wp-content\/uploads\/2025\/10\/Mision_1-768x576.webp 768w, https:\/\/colegiocristianointegral.com\/wp-content\/uploads\/2025\/10\/Mision_1-1536x1152.webp 1536w, https:\/\/colegiocristianointegral.com\/wp-content\/uploads\/2025\/10\/Mision_1-2048x1536.webp 2048w, https:\/\/colegiocristianointegral.com\/wp-content\/uploads\/2025\/10\/Mision_1-16x12.webp 16w\" sizes=\"(max-width: 2560px) 100vw, 2560px\" \/>\t\t\t\t\t\t\t\t\t\t\t\t\t\t\t<\/div>\n\t\t\t\t<\/div>\n\t\t\t\t<div class=\"elementor-element elementor-element-b49f204 elementor-widget elementor-widget-heading\" data-id=\"b49f204\" data-element_type=\"widget\" data-e-type=\"widget\" data-widget_type=\"heading.default\">\n\t\t\t\t<div class=\"elementor-widget-container\">\n\t\t\t\t\t<h4 class=\"elementor-heading-title elementor-size-default\">MISI\u00d3N<\/h4>\t\t\t\t<\/div>\n\t\t\t\t<\/div>\n\t\t\t\t\t<\/div>\n\t\t<\/div>\n\t\t\t\t<div class=\"elementor-column elementor-col-50 elementor-top-column elementor-element elementor-element-63d7200\" data-id=\"63d7200\" data-element_type=\"column\" data-e-type=\"column\">\n\t\t\t<div class=\"elementor-widget-wrap elementor-element-populated\">\n\t\t\t\t\t\t<div class=\"elementor-element elementor-element-fb1cf85 elementor-widget elementor-widget-text-editor\" data-id=\"fb1cf85\" data-element_type=\"widget\" data-e-type=\"widget\" data-widget_type=\"text-editor.default\">\n\t\t\t\t<div class=\"elementor-widget-container\">\n\t\t\t\t\t\t\t\t\t<div class=\"vc_row wpb_row vc_row-fluid vc_custom_1610464159122 vc_row-no-padding vc_row-o-equal-height vc_row-flex\" data-vc-full-width=\"true\" data-vc-full-width-init=\"true\" data-vc-stretch-content=\"true\"><div class=\"wpb_column vc_column_container vc_col-sm-12 vc_col-md-6 vc_col-has-fill\"><div class=\"vc_column-inner vc_custom_1610464173036\"><div class=\"wpb_wrapper\"><div id=\"ultimate-heading-876068b0f37e566ee\" class=\"uvc-heading ult-adjust-bottom-margin ultimate-heading-876068b0f37e566ee uvc-9853 \" data-hspacer=\"no_spacer\" data-halign=\"center\"><div class=\"uvc-sub-heading ult-responsive\" data-ultimate-target=\".uvc-heading.ultimate-heading-876068b0f37e566ee .uvc-sub-heading \" data-responsive-json-new=\"{&quot;font-size&quot;:&quot;desktop:14px;&quot;,&quot;line-height&quot;:&quot;&quot;}\"><span class=\"OYPEnA text-decoration-none text-strikethrough-none\">Formar personas que manifiesten el car\u00e1cter de Cristo, a trav\u00e9s de su servicio a la comunidad y experiencias de fe, siendo l\u00edderes competentes, mediante el desarrollo de metodolog\u00edas innovadoras, proyecto de investigaci\u00f3n, y el manejo de una segunda lengua.<\/span><\/div><\/div><\/div><\/div><\/div><\/div><div class=\"vc_row-full-width vc_clearfix\">\u00a0<\/div><div class=\"vc_row wpb_row vc_row-fluid\"><div class=\"wpb_column vc_column_container vc_col-sm-12\"><div class=\"vc_column-inner\"><div class=\"wpb_wrapper\">\u00a0<\/div><\/div><\/div><\/div>\t\t\t\t\t\t\t\t<\/div>\n\t\t\t\t<\/div>\n\t\t\t\t\t<\/div>\n\t\t<\/div>\n\t\t\t\t\t<\/div>\n\t\t<\/section>\n\t\t\t\t<\/div>\n\t\t","protected":false},"excerpt":{"rendered":"<p>MISSION MISSION To form people who manifest the character of Christ, through their service to the community and faith experiences, being competent leaders, through the development of innovative methodologies, research projects, and the use of a second language.\u00a0\u00a0<\/p>","protected":false},"author":1,"featured_media":0,"parent":0,"menu_order":0,"comment_status":"closed","ping_status":"closed","template":"","meta":{"footnotes":""},"class_list":["post-14630","page","type-page","status-publish","hentry"],"yoast_head":"<!-- This site is optimized with the Yoast SEO Premium plugin v26.2 (Yoast SEO v26.2) - https:\/\/yoast.com\/wordpress\/plugins\/seo\/ -->\n<title>Misi\u00f3n institucional - Colegio Cristiano Integral<\/title>\n<meta name=\"robots\" content=\"index, follow, max-snippet:-1, max-image-preview:large, max-video-preview:-1\" \/>\n<link rel=\"canonical\" href=\"https:\/\/colegiocristianointegral.com\/en\/institutional-mission\/\" \/>\n<meta property=\"og:locale\" content=\"en_US\" \/>\n<meta property=\"og:type\" content=\"article\" \/>\n<meta property=\"og:title\" content=\"Misi\u00f3n institucional\" \/>\n<meta property=\"og:description\" content=\"Misi\u00f3n MISI\u00d3N Formar personas que manifiesten el car\u00e1cter de Cristo, a trav\u00e9s de su servicio a la comunidad y experiencias de fe, siendo l\u00edderes competentes, mediante el desarrollo de metodolog\u00edas innovadoras, proyecto de investigaci\u00f3n, y el manejo de una segunda lengua.\u00a0\u00a0\" \/>\n<meta property=\"og:url\" content=\"https:\/\/colegiocristianointegral.com\/en\/institutional-mission\/\" \/>\n<meta property=\"og:site_name\" content=\"Colegio Cristiano Integral\" \/>\n<meta property=\"article:modified_time\" content=\"2025-10-06T04:16:02+00:00\" \/>\n<meta property=\"og:image\" content=\"https:\/\/colegiocristianointegral.com\/wp-content\/uploads\/2025\/10\/Mision_1-scaled.webp\" \/>\n<meta name=\"twitter:card\" content=\"summary_large_image\" \/>\n<meta name=\"twitter:label1\" content=\"Est. reading time\" \/>\n\t<meta name=\"twitter:data1\" content=\"1 minute\" \/>\n<script type=\"application\/ld+json\" class=\"yoast-schema-graph\">{\"@context\":\"https:\/\/schema.org\",\"@graph\":[{\"@type\":\"WebPage\",\"@id\":\"https:\/\/colegiocristianointegral.com\/mision-institucional\/\",\"url\":\"https:\/\/colegiocristianointegral.com\/mision-institucional\/\",\"name\":\"Misi\u00f3n institucional - Colegio Cristiano Integral\",\"isPartOf\":{\"@id\":\"https:\/\/colegiocristianointegral.com\/#website\"},\"primaryImageOfPage\":{\"@id\":\"https:\/\/colegiocristianointegral.com\/mision-institucional\/#primaryimage\"},\"image\":{\"@id\":\"https:\/\/colegiocristianointegral.com\/mision-institucional\/#primaryimage\"},\"thumbnailUrl\":\"https:\/\/colegiocristianointegral.com\/wp-content\/uploads\/2025\/10\/Mision_1-scaled.webp\",\"datePublished\":\"2025-09-03T21:47:55+00:00\",\"dateModified\":\"2025-10-06T04:16:02+00:00\",\"breadcrumb\":{\"@id\":\"https:\/\/colegiocristianointegral.com\/mision-institucional\/#breadcrumb\"},\"inLanguage\":\"en-US\",\"potentialAction\":[{\"@type\":\"ReadAction\",\"target\":[\"https:\/\/colegiocristianointegral.com\/mision-institucional\/\"]}]},{\"@type\":\"ImageObject\",\"inLanguage\":\"en-US\",\"@id\":\"https:\/\/colegiocristianointegral.com\/mision-institucional\/#primaryimage\",\"url\":\"https:\/\/colegiocristianointegral.com\/wp-content\/uploads\/2025\/10\/Mision_1-scaled.webp\",\"contentUrl\":\"https:\/\/colegiocristianointegral.com\/wp-content\/uploads\/2025\/10\/Mision_1-scaled.webp\"},{\"@type\":\"BreadcrumbList\",\"@id\":\"https:\/\/colegiocristianointegral.com\/mision-institucional\/#breadcrumb\",\"itemListElement\":[{\"@type\":\"ListItem\",\"position\":1,\"name\":\"Home\",\"item\":\"https:\/\/colegiocristianointegral.com\/\"},{\"@type\":\"ListItem\",\"position\":2,\"name\":\"Misi\u00f3n institucional\"}]},{\"@type\":\"WebSite\",\"@id\":\"https:\/\/colegiocristianointegral.com\/#website\",\"url\":\"https:\/\/colegiocristianointegral.com\/\",\"name\":\"Colegio Cristiano Integral\",\"description\":\"\",\"publisher\":{\"@id\":\"https:\/\/colegiocristianointegral.com\/#organization\"},\"potentialAction\":[{\"@type\":\"SearchAction\",\"target\":{\"@type\":\"EntryPoint\",\"urlTemplate\":\"https:\/\/colegiocristianointegral.com\/?s={search_term_string}\"},\"query-input\":{\"@type\":\"PropertyValueSpecification\",\"valueRequired\":true,\"valueName\":\"search_term_string\"}}],\"inLanguage\":\"en-US\"},{\"@type\":\"Organization\",\"@id\":\"https:\/\/colegiocristianointegral.com\/#organization\",\"name\":\"Colegio Cristiano Integral\",\"url\":\"https:\/\/colegiocristianointegral.com\/\",\"logo\":{\"@type\":\"ImageObject\",\"inLanguage\":\"en-US\",\"@id\":\"https:\/\/colegiocristianointegral.com\/#\/schema\/logo\/image\/\",\"url\":\"https:\/\/colegiocristianointegral.com\/wp-content\/uploads\/2021\/01\/LOGO-1-GRAN.png\",\"contentUrl\":\"https:\/\/colegiocristianointegral.com\/wp-content\/uploads\/2021\/01\/LOGO-1-GRAN.png\",\"width\":1492,\"height\":335,\"caption\":\"Colegio Cristiano Integral\"},\"image\":{\"@id\":\"https:\/\/colegiocristianointegral.com\/#\/schema\/logo\/image\/\"}}]}<\/script>\n<!-- \/ Yoast SEO Premium plugin. -->","yoast_head_json":{"title":"Institutional Mission - Colegio Cristiano Integral","robots":{"index":"index","follow":"follow","max-snippet":"max-snippet:-1","max-image-preview":"max-image-preview:large","max-video-preview":"max-video-preview:-1"},"canonical":"https:\/\/colegiocristianointegral.com\/en\/institutional-mission\/","og_locale":"en_US","og_type":"article","og_title":"Misi\u00f3n institucional","og_description":"Misi\u00f3n MISI\u00d3N Formar personas que manifiesten el car\u00e1cter de Cristo, a trav\u00e9s de su servicio a la comunidad y experiencias de fe, siendo l\u00edderes competentes, mediante el desarrollo de metodolog\u00edas innovadoras, proyecto de investigaci\u00f3n, y el manejo de una segunda lengua.\u00a0\u00a0","og_url":"https:\/\/colegiocristianointegral.com\/en\/institutional-mission\/","og_site_name":"Colegio Cristiano Integral","article_modified_time":"2025-10-06T04:16:02+00:00","og_image":[{"url":"https:\/\/colegiocristianointegral.com\/wp-content\/uploads\/2025\/10\/Mision_1-scaled.webp","type":"","width":"","height":""}],"twitter_card":"summary_large_image","twitter_misc":{"Est. reading time":"1 minute"},"schema":{"@context":"https:\/\/schema.org","@graph":[{"@type":"WebPage","@id":"https:\/\/colegiocristianointegral.com\/mision-institucional\/","url":"https:\/\/colegiocristianointegral.com\/mision-institucional\/","name":"Institutional Mission - Colegio Cristiano Integral","isPartOf":{"@id":"https:\/\/colegiocristianointegral.com\/#website"},"primaryImageOfPage":{"@id":"https:\/\/colegiocristianointegral.com\/mision-institucional\/#primaryimage"},"image":{"@id":"https:\/\/colegiocristianointegral.com\/mision-institucional\/#primaryimage"},"thumbnailUrl":"https:\/\/colegiocristianointegral.com\/wp-content\/uploads\/2025\/10\/Mision_1-scaled.webp","datePublished":"2025-09-03T21:47:55+00:00","dateModified":"2025-10-06T04:16:02+00:00","breadcrumb":{"@id":"https:\/\/colegiocristianointegral.com\/mision-institucional\/#breadcrumb"},"inLanguage":"en-US","potentialAction":[{"@type":"ReadAction","target":["https:\/\/colegiocristianointegral.com\/mision-institucional\/"]}]},{"@type":"ImageObject","inLanguage":"en-US","@id":"https:\/\/colegiocristianointegral.com\/mision-institucional\/#primaryimage","url":"https:\/\/colegiocristianointegral.com\/wp-content\/uploads\/2025\/10\/Mision_1-scaled.webp","contentUrl":"https:\/\/colegiocristianointegral.com\/wp-content\/uploads\/2025\/10\/Mision_1-scaled.webp"},{"@type":"BreadcrumbList","@id":"https:\/\/colegiocristianointegral.com\/mision-institucional\/#breadcrumb","itemListElement":[{"@type":"ListItem","position":1,"name":"Home","item":"https:\/\/colegiocristianointegral.com\/"},{"@type":"ListItem","position":2,"name":"Misi\u00f3n institucional"}]},{"@type":"WebSite","@id":"https:\/\/colegiocristianointegral.com\/#website","url":"https:\/\/colegiocristianointegral.com\/","name":"Colegio Cristiano Integral","description":"","publisher":{"@id":"https:\/\/colegiocristianointegral.com\/#organization"},"potentialAction":[{"@type":"SearchAction","target":{"@type":"EntryPoint","urlTemplate":"https:\/\/colegiocristianointegral.com\/?s={search_term_string}"},"query-input":{"@type":"PropertyValueSpecification","valueRequired":true,"valueName":"search_term_string"}}],"inLanguage":"en-US"},{"@type":"Organization","@id":"https:\/\/colegiocristianointegral.com\/#organization","name":"Colegio Cristiano Integral","url":"https:\/\/colegiocristianointegral.com\/","logo":{"@type":"ImageObject","inLanguage":"en-US","@id":"https:\/\/colegiocristianointegral.com\/#\/schema\/logo\/image\/","url":"https:\/\/colegiocristianointegral.com\/wp-content\/uploads\/2021\/01\/LOGO-1-GRAN.png","contentUrl":"https:\/\/colegiocristianointegral.com\/wp-content\/uploads\/2021\/01\/LOGO-1-GRAN.png","width":1492,"height":335,"caption":"Colegio Cristiano Integral"},"image":{"@id":"https:\/\/colegiocristianointegral.com\/#\/schema\/logo\/image\/"}}]}},"_links":{"self":[{"href":"https:\/\/colegiocristianointegral.com\/en\/wp-json\/wp\/v2\/pages\/14630","targetHints":{"allow":["GET"]}}],"collection":[{"href":"https:\/\/colegiocristianointegral.com\/en\/wp-json\/wp\/v2\/pages"}],"about":[{"href":"https:\/\/colegiocristianointegral.com\/en\/wp-json\/wp\/v2\/types\/page"}],"author":[{"embeddable":true,"href":"https:\/\/colegiocristianointegral.com\/en\/wp-json\/wp\/v2\/users\/1"}],"replies":[{"embeddable":true,"href":"https:\/\/colegiocristianointegral.com\/en\/wp-json\/wp\/v2\/comments?post=14630"}],"version-history":[{"count":15,"href":"https:\/\/colegiocristianointegral.com\/en\/wp-json\/wp\/v2\/pages\/14630\/revisions"}],"predecessor-version":[{"id":14787,"href":"https:\/\/colegiocristianointegral.com\/en\/wp-json\/wp\/v2\/pages\/14630\/revisions\/14787"}],"wp:attachment":[{"href":"https:\/\/colegiocristianointegral.com\/en\/wp-json\/wp\/v2\/media?parent=14630"}],"curies":[{"name":"wp","href":"https:\/\/api.w.org\/{rel}","templated":true}]}}