{"id":14629,"date":"2025-09-03T21:46:49","date_gmt":"2025-09-03T21:46:49","guid":{"rendered":"https:\/\/colegiocristianointegral.com\/?page_id=14629"},"modified":"2025-10-06T04:19:42","modified_gmt":"2025-10-06T04:19:42","slug":"institutional-vision","status":"publish","type":"page","link":"https:\/\/colegiocristianointegral.com\/en\/institutional-vision\/","title":{"rendered":"Institutional vision"},"content":{"rendered":"<style>.elementor-14629 .elementor-element.elementor-element-daf70aa > .elementor-container{max-width:1600px;}.elementor-14629 .elementor-element.elementor-element-daf70aa:not(.elementor-motion-effects-element-type-background), .elementor-14629 .elementor-element.elementor-element-daf70aa > .elementor-motion-effects-container > .elementor-motion-effects-layer{background-image:url(\"https:\/\/colegiocristianointegral.com\/wp-content\/uploads\/2025\/09\/DSC00687-scaled.webp\");background-position:center center;background-size:cover;}.elementor-14629 .elementor-element.elementor-element-daf70aa{transition:background 0.3s, border 0.3s, border-radius 0.3s, box-shadow 0.3s;padding:200px 0px 250px 0px;}.elementor-14629 .elementor-element.elementor-element-daf70aa > .elementor-background-overlay{transition:background 0.3s, border-radius 0.3s, opacity 0.3s;}.elementor-14629 .elementor-element.elementor-element-d3286b2 > .elementor-container{max-width:809px;}.elementor-14629 .elementor-element.elementor-element-b525b5d > .elementor-element-populated{padding:0px 0px 0px 0px;}.elementor-14629 .elementor-element.elementor-element-ad29559{text-align:center;}.elementor-14629 .elementor-element.elementor-element-ad29559 .elementor-heading-title{font-size:50px;color:var( --e-global-color-accent );}.elementor-14629 .elementor-element.elementor-element-ad29559 > .elementor-widget-container{margin:-50px 0px 0px 0px;padding:20px 20px 20px 20px;background-color:#FFFFFF;border-style:solid;border-width:5px 0px 0px 0px;border-color:var( --e-global-color-primary );}.elementor-14629 .elementor-element.elementor-element-ace0571 > .elementor-container{max-width:1450px;}.elementor-14629 .elementor-element.elementor-element-ace0571:not(.elementor-motion-effects-element-type-background), .elementor-14629 .elementor-element.elementor-element-ace0571 > .elementor-motion-effects-container > .elementor-motion-effects-layer{background-color:#F5F5F56E;}.elementor-14629 .elementor-element.elementor-element-ace0571 > .elementor-background-overlay{background-image:url(\"https:\/\/colegiocristianointegral.com\/wp-content\/uploads\/2024\/10\/uniico032.png\");background-repeat:repeat;background-size:auto;opacity:0.1;transition:background 0.3s, border-radius 0.3s, opacity 0.3s;}.elementor-14629 .elementor-element.elementor-element-ace0571{transition:background 0.3s, border 0.3s, border-radius 0.3s, box-shadow 0.3s;padding:100px 0px 100px 0px;}.elementor-bc-flex-widget .elementor-14629 .elementor-element.elementor-element-fdaad9b.elementor-column .elementor-widget-wrap{align-items:center;}.elementor-14629 .elementor-element.elementor-element-fdaad9b.elementor-column.elementor-element[data-element_type=\"column\"] > .elementor-widget-wrap.elementor-element-populated{align-content:center;align-items:center;}.elementor-14629 .elementor-element.elementor-element-d4c23f0 img{width:80%;border-radius:10px 10px 10px 10px;box-shadow:0px 0px 10px 0px rgba(0, 0, 0, 0.18);}.elementor-14629 .elementor-element.elementor-element-a919c50{text-align:center;}.elementor-14629 .elementor-element.elementor-element-a919c50 .elementor-heading-title{color:var( --e-global-color-primary );}.elementor-14629 .elementor-element.elementor-element-a919c50 > .elementor-widget-container{margin:-70px 137px 0px 327px;padding:20px 25px 20px 0px;background-color:#FFFFFF;border-style:solid;border-width:5px 0px 0px 0px;border-color:var( --e-global-color-primary );}.elementor-bc-flex-widget .elementor-14629 .elementor-element.elementor-element-c54d617.elementor-column .elementor-widget-wrap{align-items:center;}.elementor-14629 .elementor-element.elementor-element-c54d617.elementor-column.elementor-element[data-element_type=\"column\"] > .elementor-widget-wrap.elementor-element-populated{align-content:center;align-items:center;}.elementor-14629 .elementor-element.elementor-element-f87752d{text-align:justify;font-family:var( --e-global-typography-text-font-family ), Serif;font-size:var( --e-global-typography-text-font-size );font-weight:var( --e-global-typography-text-font-weight );color:var( --e-global-color-text );}.elementor-14629 .elementor-element.elementor-element-f87752d > .elementor-widget-container{padding:0px 160px 0px 0px;}:root{--page-title-display:none;}@media(min-width:768px){.elementor-14629 .elementor-element.elementor-element-fdaad9b{width:53.172%;}.elementor-14629 .elementor-element.elementor-element-c54d617{width:46.794%;}}@media(max-width:1024px){.elementor-14629 .elementor-element.elementor-element-daf70aa{padding:100px 0px 100px 0px;}.elementor-14629 .elementor-element.elementor-element-b525b5d > .elementor-element-populated{margin:0px 0px 0px 0px;--e-column-margin-right:0px;--e-column-margin-left:0px;padding:0px 0px 0px 0px;}.elementor-14629 .elementor-element.elementor-element-ad29559{text-align:start;}.elementor-14629 .elementor-element.elementor-element-ad29559 > .elementor-widget-container{margin:-32px 70px 0px 0px;padding:20px 0px 20px 10px;}.elementor-14629 .elementor-element.elementor-element-d4c23f0 img{width:100%;}.elementor-14629 .elementor-element.elementor-element-a919c50 > .elementor-widget-container{margin:-19% 26% 0% 0%;}.elementor-14629 .elementor-element.elementor-element-f87752d{font-size:var( --e-global-typography-text-font-size );}.elementor-14629 .elementor-element.elementor-element-f87752d > .elementor-widget-container{margin:0px 0px 0px 0px;padding:0px 0px 0px 0px;}}@media(max-width:767px){.elementor-14629 .elementor-element.elementor-element-daf70aa{padding:100px 0px 100px 0px;}.elementor-14629 .elementor-element.elementor-element-b525b5d > .elementor-element-populated{margin:0px 0px 0px 0px;--e-column-margin-right:0px;--e-column-margin-left:0px;padding:0px 0px 0px 0px;}.elementor-14629 .elementor-element.elementor-element-ad29559{text-align:start;}.elementor-14629 .elementor-element.elementor-element-ad29559 .elementor-heading-title{font-size:30px;}.elementor-14629 .elementor-element.elementor-element-ad29559 > .elementor-widget-container{margin:-50px 66px 0px 1px;padding:20px 0px 20px 15px;}.elementor-14629 .elementor-element.elementor-element-ace0571{padding:50px 0px 50px 0px;}.elementor-14629 .elementor-element.elementor-element-d4c23f0 img{width:100%;}.elementor-14629 .elementor-element.elementor-element-a919c50{text-align:start;}.elementor-14629 .elementor-element.elementor-element-a919c50 > .elementor-widget-container{margin:-50px 35px 0px 0px;padding:15px 0px 15px 0px;}.elementor-14629 .elementor-element.elementor-element-f87752d{font-size:var( --e-global-typography-text-font-size );}.elementor-14629 .elementor-element.elementor-element-f87752d > .elementor-widget-container{padding:0px 0px 0px 0px;}}<\/style>\t\t<div data-elementor-type=\"wp-page\" data-elementor-id=\"14629\" class=\"elementor elementor-14629\" data-elementor-post-type=\"page\">\n\t\t\t\t\t\t<section class=\"elementor-section elementor-top-section elementor-element elementor-element-daf70aa elementor-section-boxed elementor-section-height-default elementor-section-height-default\" data-id=\"daf70aa\" data-element_type=\"section\" data-e-type=\"section\" data-settings=\"{&quot;background_background&quot;:&quot;classic&quot;}\">\n\t\t\t\t\t\t<div class=\"elementor-container elementor-column-gap-default\">\n\t\t\t\t\t<div class=\"elementor-column elementor-col-100 elementor-top-column elementor-element elementor-element-cb23c2d\" data-id=\"cb23c2d\" data-element_type=\"column\" data-e-type=\"column\">\n\t\t\t<div class=\"elementor-widget-wrap\">\n\t\t\t\t\t\t\t<\/div>\n\t\t<\/div>\n\t\t\t\t\t<\/div>\n\t\t<\/section>\n\t\t\t\t<section class=\"elementor-section elementor-top-section elementor-element elementor-element-d3286b2 elementor-section-boxed elementor-section-height-default elementor-section-height-default\" data-id=\"d3286b2\" data-element_type=\"section\" data-e-type=\"section\">\n\t\t\t\t\t\t<div class=\"elementor-container elementor-column-gap-default\">\n\t\t\t\t\t<div class=\"elementor-column elementor-col-100 elementor-top-column elementor-element elementor-element-b525b5d\" data-id=\"b525b5d\" data-element_type=\"column\" data-e-type=\"column\">\n\t\t\t<div class=\"elementor-widget-wrap elementor-element-populated\">\n\t\t\t\t\t\t<div class=\"elementor-element elementor-element-ad29559 elementor-widget elementor-widget-heading\" data-id=\"ad29559\" data-element_type=\"widget\" data-e-type=\"widget\" data-widget_type=\"heading.default\">\n\t\t\t\t<div class=\"elementor-widget-container\">\n\t\t\t\t\t<h3 class=\"elementor-heading-title elementor-size-default\">Visi\u00f3n \n<\/h3>\t\t\t\t<\/div>\n\t\t\t\t<\/div>\n\t\t\t\t\t<\/div>\n\t\t<\/div>\n\t\t\t\t\t<\/div>\n\t\t<\/section>\n\t\t\t\t<section class=\"elementor-section elementor-top-section elementor-element elementor-element-ace0571 elementor-section-boxed elementor-section-height-default elementor-section-height-default\" data-id=\"ace0571\" data-element_type=\"section\" data-e-type=\"section\" data-settings=\"{&quot;background_background&quot;:&quot;classic&quot;}\">\n\t\t\t\t\t\t\t<div class=\"elementor-background-overlay\"><\/div>\n\t\t\t\t\t\t\t<div class=\"elementor-container elementor-column-gap-default\">\n\t\t\t\t\t<div class=\"elementor-column elementor-col-50 elementor-top-column elementor-element elementor-element-fdaad9b\" data-id=\"fdaad9b\" data-element_type=\"column\" data-e-type=\"column\">\n\t\t\t<div class=\"elementor-widget-wrap elementor-element-populated\">\n\t\t\t\t\t\t<div class=\"elementor-element elementor-element-d4c23f0 elementor-widget elementor-widget-image\" data-id=\"d4c23f0\" data-element_type=\"widget\" data-e-type=\"widget\" data-widget_type=\"image.default\">\n\t\t\t\t<div class=\"elementor-widget-container\">\n\t\t\t\t\t\t\t\t\t\t\t\t\t\t\t<img fetchpriority=\"high\" decoding=\"async\" width=\"2560\" height=\"1438\" src=\"https:\/\/colegiocristianointegral.com\/wp-content\/uploads\/2025\/10\/Vision_1-scaled.webp\" class=\"attachment-full size-full wp-image-14789\" alt=\"\" srcset=\"https:\/\/colegiocristianointegral.com\/wp-content\/uploads\/2025\/10\/Vision_1-scaled.webp 2560w, https:\/\/colegiocristianointegral.com\/wp-content\/uploads\/2025\/10\/Vision_1-510x286.webp 510w, https:\/\/colegiocristianointegral.com\/wp-content\/uploads\/2025\/10\/Vision_1-900x505.webp 900w, https:\/\/colegiocristianointegral.com\/wp-content\/uploads\/2025\/10\/Vision_1-768x431.webp 768w, https:\/\/colegiocristianointegral.com\/wp-content\/uploads\/2025\/10\/Vision_1-1536x863.webp 1536w, https:\/\/colegiocristianointegral.com\/wp-content\/uploads\/2025\/10\/Vision_1-2048x1150.webp 2048w, https:\/\/colegiocristianointegral.com\/wp-content\/uploads\/2025\/10\/Vision_1-18x10.webp 18w\" sizes=\"(max-width: 2560px) 100vw, 2560px\" \/>\t\t\t\t\t\t\t\t\t\t\t\t\t\t\t<\/div>\n\t\t\t\t<\/div>\n\t\t\t\t<div class=\"elementor-element elementor-element-a919c50 elementor-widget elementor-widget-heading\" data-id=\"a919c50\" data-element_type=\"widget\" data-e-type=\"widget\" data-widget_type=\"heading.default\">\n\t\t\t\t<div class=\"elementor-widget-container\">\n\t\t\t\t\t<h4 class=\"elementor-heading-title elementor-size-default\">VISI\u00d3N<\/h4>\t\t\t\t<\/div>\n\t\t\t\t<\/div>\n\t\t\t\t\t<\/div>\n\t\t<\/div>\n\t\t\t\t<div class=\"elementor-column elementor-col-50 elementor-top-column elementor-element elementor-element-c54d617\" data-id=\"c54d617\" data-element_type=\"column\" data-e-type=\"column\">\n\t\t\t<div class=\"elementor-widget-wrap elementor-element-populated\">\n\t\t\t\t\t\t<div class=\"elementor-element elementor-element-f87752d elementor-widget elementor-widget-text-editor\" data-id=\"f87752d\" data-element_type=\"widget\" data-e-type=\"widget\" data-widget_type=\"text-editor.default\">\n\t\t\t\t<div class=\"elementor-widget-container\">\n\t\t\t\t\t\t\t\t\t<p>En el a\u00f1o 2035 seremos reconocidos como una de las instituciones de m\u00e1s alto nivel educativo en el departamento, biling\u00fce certificado y destacada por su calidad en procesos pedag\u00f3gicos, administrativos, de orientaci\u00f3n escolar, convivencia y espirituales, para la formaci\u00f3n de hombres y mujeres integrales, con el car\u00e1cter de Cristo, que generen cambios trascendentales en su entorno, a trav\u00e9s del servicio a la comunidad.<\/p>\t\t\t\t\t\t\t\t<\/div>\n\t\t\t\t<\/div>\n\t\t\t\t\t<\/div>\n\t\t<\/div>\n\t\t\t\t\t<\/div>\n\t\t<\/section>\n\t\t\t\t<\/div>\n\t\t","protected":false},"excerpt":{"rendered":"<p>Visi\u00f3n VISI\u00d3N En el a\u00f1o 2035 seremos reconocidos como una de las instituciones de m\u00e1s alto nivel educativo en el departamento, biling\u00fce certificado y destacada por su calidad en procesos pedag\u00f3gicos, administrativos, de orientaci\u00f3n escolar, convivencia y espirituales, para la formaci\u00f3n de hombres y mujeres integrales, con el car\u00e1cter de Cristo, que generen cambios trascendentales [&hellip;]<\/p>\n","protected":false},"author":1,"featured_media":0,"parent":0,"menu_order":0,"comment_status":"closed","ping_status":"closed","template":"","meta":{"footnotes":""},"class_list":["post-14629","page","type-page","status-publish","hentry"],"yoast_head":"<!-- This site is optimized with the Yoast SEO Premium plugin v26.2 (Yoast SEO v26.2) - https:\/\/yoast.com\/wordpress\/plugins\/seo\/ -->\n<title>Visi\u00f3n institucional - Colegio Cristiano Integral<\/title>\n<meta name=\"robots\" content=\"index, follow, max-snippet:-1, max-image-preview:large, max-video-preview:-1\" \/>\n<link rel=\"canonical\" href=\"https:\/\/colegiocristianointegral.com\/en\/institutional-vision\/\" \/>\n<meta property=\"og:locale\" content=\"en_US\" \/>\n<meta property=\"og:type\" content=\"article\" \/>\n<meta property=\"og:title\" content=\"Visi\u00f3n institucional\" \/>\n<meta property=\"og:description\" content=\"Visi\u00f3n VISI\u00d3N En el a\u00f1o 2035 seremos reconocidos como una de las instituciones de m\u00e1s alto nivel educativo en el departamento, biling\u00fce certificado y destacada por su calidad en procesos pedag\u00f3gicos, administrativos, de orientaci\u00f3n escolar, convivencia y espirituales, para la formaci\u00f3n de hombres y mujeres integrales, con el car\u00e1cter de Cristo, que generen cambios trascendentales [&hellip;]\" \/>\n<meta property=\"og:url\" content=\"https:\/\/colegiocristianointegral.com\/en\/institutional-vision\/\" \/>\n<meta property=\"og:site_name\" content=\"Colegio Cristiano Integral\" \/>\n<meta property=\"article:modified_time\" content=\"2025-10-06T04:19:42+00:00\" \/>\n<meta property=\"og:image\" content=\"https:\/\/colegiocristianointegral.com\/wp-content\/uploads\/2025\/10\/Vision_1-scaled.webp\" \/>\n\t<meta property=\"og:image:width\" content=\"2560\" \/>\n\t<meta property=\"og:image:height\" content=\"1438\" \/>\n\t<meta property=\"og:image:type\" content=\"image\/webp\" \/>\n<meta name=\"twitter:card\" content=\"summary_large_image\" \/>\n<meta name=\"twitter:label1\" content=\"Est. reading time\" \/>\n\t<meta name=\"twitter:data1\" content=\"1 minute\" \/>\n<script type=\"application\/ld+json\" class=\"yoast-schema-graph\">{\"@context\":\"https:\/\/schema.org\",\"@graph\":[{\"@type\":\"WebPage\",\"@id\":\"https:\/\/colegiocristianointegral.com\/vision-institucional\/\",\"url\":\"https:\/\/colegiocristianointegral.com\/vision-institucional\/\",\"name\":\"Visi\u00f3n institucional - Colegio Cristiano Integral\",\"isPartOf\":{\"@id\":\"https:\/\/colegiocristianointegral.com\/#website\"},\"primaryImageOfPage\":{\"@id\":\"https:\/\/colegiocristianointegral.com\/vision-institucional\/#primaryimage\"},\"image\":{\"@id\":\"https:\/\/colegiocristianointegral.com\/vision-institucional\/#primaryimage\"},\"thumbnailUrl\":\"https:\/\/colegiocristianointegral.com\/wp-content\/uploads\/2025\/10\/Vision_1-scaled.webp\",\"datePublished\":\"2025-09-03T21:46:49+00:00\",\"dateModified\":\"2025-10-06T04:19:42+00:00\",\"breadcrumb\":{\"@id\":\"https:\/\/colegiocristianointegral.com\/vision-institucional\/#breadcrumb\"},\"inLanguage\":\"en-US\",\"potentialAction\":[{\"@type\":\"ReadAction\",\"target\":[\"https:\/\/colegiocristianointegral.com\/vision-institucional\/\"]}]},{\"@type\":\"ImageObject\",\"inLanguage\":\"en-US\",\"@id\":\"https:\/\/colegiocristianointegral.com\/vision-institucional\/#primaryimage\",\"url\":\"https:\/\/colegiocristianointegral.com\/wp-content\/uploads\/2025\/10\/Vision_1-scaled.webp\",\"contentUrl\":\"https:\/\/colegiocristianointegral.com\/wp-content\/uploads\/2025\/10\/Vision_1-scaled.webp\"},{\"@type\":\"BreadcrumbList\",\"@id\":\"https:\/\/colegiocristianointegral.com\/vision-institucional\/#breadcrumb\",\"itemListElement\":[{\"@type\":\"ListItem\",\"position\":1,\"name\":\"Home\",\"item\":\"https:\/\/colegiocristianointegral.com\/\"},{\"@type\":\"ListItem\",\"position\":2,\"name\":\"Visi\u00f3n institucional\"}]},{\"@type\":\"WebSite\",\"@id\":\"https:\/\/colegiocristianointegral.com\/#website\",\"url\":\"https:\/\/colegiocristianointegral.com\/\",\"name\":\"Colegio Cristiano Integral\",\"description\":\"\",\"publisher\":{\"@id\":\"https:\/\/colegiocristianointegral.com\/#organization\"},\"potentialAction\":[{\"@type\":\"SearchAction\",\"target\":{\"@type\":\"EntryPoint\",\"urlTemplate\":\"https:\/\/colegiocristianointegral.com\/?s={search_term_string}\"},\"query-input\":{\"@type\":\"PropertyValueSpecification\",\"valueRequired\":true,\"valueName\":\"search_term_string\"}}],\"inLanguage\":\"en-US\"},{\"@type\":\"Organization\",\"@id\":\"https:\/\/colegiocristianointegral.com\/#organization\",\"name\":\"Colegio Cristiano Integral\",\"url\":\"https:\/\/colegiocristianointegral.com\/\",\"logo\":{\"@type\":\"ImageObject\",\"inLanguage\":\"en-US\",\"@id\":\"https:\/\/colegiocristianointegral.com\/#\/schema\/logo\/image\/\",\"url\":\"https:\/\/colegiocristianointegral.com\/wp-content\/uploads\/2021\/01\/LOGO-1-GRAN.png\",\"contentUrl\":\"https:\/\/colegiocristianointegral.com\/wp-content\/uploads\/2021\/01\/LOGO-1-GRAN.png\",\"width\":1492,\"height\":335,\"caption\":\"Colegio Cristiano Integral\"},\"image\":{\"@id\":\"https:\/\/colegiocristianointegral.com\/#\/schema\/logo\/image\/\"}}]}<\/script>\n<!-- \/ Yoast SEO Premium plugin. -->","yoast_head_json":{"title":"Institutional vision - Colegio Cristiano Integral","robots":{"index":"index","follow":"follow","max-snippet":"max-snippet:-1","max-image-preview":"max-image-preview:large","max-video-preview":"max-video-preview:-1"},"canonical":"https:\/\/colegiocristianointegral.com\/en\/institutional-vision\/","og_locale":"en_US","og_type":"article","og_title":"Visi\u00f3n institucional","og_description":"Visi\u00f3n VISI\u00d3N En el a\u00f1o 2035 seremos reconocidos como una de las instituciones de m\u00e1s alto nivel educativo en el departamento, biling\u00fce certificado y destacada por su calidad en procesos pedag\u00f3gicos, administrativos, de orientaci\u00f3n escolar, convivencia y espirituales, para la formaci\u00f3n de hombres y mujeres integrales, con el car\u00e1cter de Cristo, que generen cambios trascendentales [&hellip;]","og_url":"https:\/\/colegiocristianointegral.com\/en\/institutional-vision\/","og_site_name":"Colegio Cristiano Integral","article_modified_time":"2025-10-06T04:19:42+00:00","og_image":[{"width":2560,"height":1438,"url":"https:\/\/colegiocristianointegral.com\/wp-content\/uploads\/2025\/10\/Vision_1-scaled.webp","type":"image\/webp"}],"twitter_card":"summary_large_image","twitter_misc":{"Est. reading time":"1 minute"},"schema":{"@context":"https:\/\/schema.org","@graph":[{"@type":"WebPage","@id":"https:\/\/colegiocristianointegral.com\/vision-institucional\/","url":"https:\/\/colegiocristianointegral.com\/vision-institucional\/","name":"Institutional vision - Colegio Cristiano Integral","isPartOf":{"@id":"https:\/\/colegiocristianointegral.com\/#website"},"primaryImageOfPage":{"@id":"https:\/\/colegiocristianointegral.com\/vision-institucional\/#primaryimage"},"image":{"@id":"https:\/\/colegiocristianointegral.com\/vision-institucional\/#primaryimage"},"thumbnailUrl":"https:\/\/colegiocristianointegral.com\/wp-content\/uploads\/2025\/10\/Vision_1-scaled.webp","datePublished":"2025-09-03T21:46:49+00:00","dateModified":"2025-10-06T04:19:42+00:00","breadcrumb":{"@id":"https:\/\/colegiocristianointegral.com\/vision-institucional\/#breadcrumb"},"inLanguage":"en-US","potentialAction":[{"@type":"ReadAction","target":["https:\/\/colegiocristianointegral.com\/vision-institucional\/"]}]},{"@type":"ImageObject","inLanguage":"en-US","@id":"https:\/\/colegiocristianointegral.com\/vision-institucional\/#primaryimage","url":"https:\/\/colegiocristianointegral.com\/wp-content\/uploads\/2025\/10\/Vision_1-scaled.webp","contentUrl":"https:\/\/colegiocristianointegral.com\/wp-content\/uploads\/2025\/10\/Vision_1-scaled.webp"},{"@type":"BreadcrumbList","@id":"https:\/\/colegiocristianointegral.com\/vision-institucional\/#breadcrumb","itemListElement":[{"@type":"ListItem","position":1,"name":"Home","item":"https:\/\/colegiocristianointegral.com\/"},{"@type":"ListItem","position":2,"name":"Visi\u00f3n institucional"}]},{"@type":"WebSite","@id":"https:\/\/colegiocristianointegral.com\/#website","url":"https:\/\/colegiocristianointegral.com\/","name":"Colegio Cristiano Integral","description":"","publisher":{"@id":"https:\/\/colegiocristianointegral.com\/#organization"},"potentialAction":[{"@type":"SearchAction","target":{"@type":"EntryPoint","urlTemplate":"https:\/\/colegiocristianointegral.com\/?s={search_term_string}"},"query-input":{"@type":"PropertyValueSpecification","valueRequired":true,"valueName":"search_term_string"}}],"inLanguage":"en-US"},{"@type":"Organization","@id":"https:\/\/colegiocristianointegral.com\/#organization","name":"Colegio Cristiano Integral","url":"https:\/\/colegiocristianointegral.com\/","logo":{"@type":"ImageObject","inLanguage":"en-US","@id":"https:\/\/colegiocristianointegral.com\/#\/schema\/logo\/image\/","url":"https:\/\/colegiocristianointegral.com\/wp-content\/uploads\/2021\/01\/LOGO-1-GRAN.png","contentUrl":"https:\/\/colegiocristianointegral.com\/wp-content\/uploads\/2021\/01\/LOGO-1-GRAN.png","width":1492,"height":335,"caption":"Colegio Cristiano Integral"},"image":{"@id":"https:\/\/colegiocristianointegral.com\/#\/schema\/logo\/image\/"}}]}},"_links":{"self":[{"href":"https:\/\/colegiocristianointegral.com\/en\/wp-json\/wp\/v2\/pages\/14629","targetHints":{"allow":["GET"]}}],"collection":[{"href":"https:\/\/colegiocristianointegral.com\/en\/wp-json\/wp\/v2\/pages"}],"about":[{"href":"https:\/\/colegiocristianointegral.com\/en\/wp-json\/wp\/v2\/types\/page"}],"author":[{"embeddable":true,"href":"https:\/\/colegiocristianointegral.com\/en\/wp-json\/wp\/v2\/users\/1"}],"replies":[{"embeddable":true,"href":"https:\/\/colegiocristianointegral.com\/en\/wp-json\/wp\/v2\/comments?post=14629"}],"version-history":[{"count":18,"href":"https:\/\/colegiocristianointegral.com\/en\/wp-json\/wp\/v2\/pages\/14629\/revisions"}],"predecessor-version":[{"id":14795,"href":"https:\/\/colegiocristianointegral.com\/en\/wp-json\/wp\/v2\/pages\/14629\/revisions\/14795"}],"wp:attachment":[{"href":"https:\/\/colegiocristianointegral.com\/en\/wp-json\/wp\/v2\/media?parent=14629"}],"curies":[{"name":"wp","href":"https:\/\/api.w.org\/{rel}","templated":true}]}}