{"id":11903,"date":"2021-01-28T13:56:42","date_gmt":"2021-01-28T13:56:42","guid":{"rendered":"https:\/\/colegiocristianointegral.com\/?page_id=11903"},"modified":"2024-01-22T17:16:51","modified_gmt":"2024-01-22T17:16:51","slug":"usefullists","status":"publish","type":"page","link":"https:\/\/colegiocristianointegral.com\/en\/usefullists\/","title":{"rendered":"LISTS OF SUPPLIES"},"content":{"rendered":"<div data-vc-full-width=\"true\" data-vc-full-width-init=\"false\" data-vc-stretch-content=\"true\" class=\"vc_row wpb_row vc_row-fluid vc_custom_1611934634649 vc_row-no-padding\"><div class=\"wpb_column vc_column_container vc_col-sm-6\"><div class=\"vc_column-inner vc_custom_1610034223491\"><div class=\"wpb_wrapper\"><div id=\"ultimate-heading-466969f8611d8a0e0\" class=\"uvc-heading ult-adjust-bottom-margin ultimate-heading-466969f8611d8a0e0 uvc-7588\" data-hspacer=\"no_spacer\"  data-halign=\"left\" style=\"text-align:left\"><div class=\"uvc-heading-spacer no_spacer\" style=\"top\"><\/div><div class=\"uvc-main-heading ult-responsive\"  data-ultimate-target='.uvc-heading.ultimate-heading-466969f8611d8a0e0 h2'  data-responsive-json-new='{\"font-size\":\"desktop:65px;\",\"line-height\":\"\"}' ><h2 style=\"font-weight:bold;color:#ffffff;\">Download the list of supplies for your children<\/h2><\/div><\/div><\/div><\/div><\/div><div class=\"wpb_column vc_column_container vc_col-sm-6\"><div class=\"vc_column-inner\"><div class=\"wpb_wrapper\"><\/div><\/div><\/div><\/div><div class=\"vc_row-full-width vc_clearfix\"><\/div><!-- Row Backgrounds --><div class=\"upb_bg_img\" data-ultimate-bg=\"url(https:\/\/colegiocristianointegral.com\/wp-content\/uploads\/2021\/01\/Utiles-escolares-Banner-1.jpg)\" data-image-id=\"id^11954|url^https:\/\/colegiocristianointegral.com\/wp-content\/uploads\/2021\/01\/Utiles-escolares-Banner-1.jpg|caption^School supplies top view on the background of the chalkboard. Free space.|alt^null|title^School supplies top view on the background of the chalkboard.|description^null\" data-ultimate-bg-style=\"vcpb-default\" data-bg-img-repeat=\"repeat\" data-bg-img-size=\"cover\" data-bg-img-position=\"\" data-parallx_sense=\"30\" data-bg-override=\"ex-full\" data-bg_img_attach=\"scroll\" data-upb-overlay-color=\"rgba(0,0,0,0.3)\" data-upb-bg-animation=\"\" data-fadeout=\"fadeout_row_value\" data-bg-animation=\"left-animation\" data-bg-animation-type=\"h\" data-animation-repeat=\"repeat\" data-fadeout-percentage=\"30\" data-parallax-content=\"parallax_content_value\" data-parallax-content-sense=\"30\" data-row-effect-mobile-disable=\"true\" data-img-parallax-mobile-disable=\"true\" data-rtl=\"false\"  data-custom-vc-row=\"\"  data-vc=\"5.7\"  data-is_old_vc=\"\"  data-theme-support=\"\"   data-overlay=\"true\" data-overlay-color=\"rgba(0,0,0,0.3)\" data-overlay-pattern=\"\" data-overlay-pattern-opacity=\"0.8\" data-overlay-pattern-size=\"\" data-overlay-pattern-attachment=\"scroll\"    ><\/div><div data-vc-full-width=\"true\" data-vc-full-width-init=\"false\" data-vc-stretch-content=\"true\" class=\"vc_row wpb_row vc_row-fluid vc_custom_1611259470112 vc_row-has-fill vc_row-no-padding\"><div class=\"wpb_column vc_column_container vc_col-sm-12\"><div class=\"vc_column-inner\"><div class=\"wpb_wrapper\"><div id=\"ultimate-heading-230169f8611d8c342\" class=\"uvc-heading ult-adjust-bottom-margin ultimate-heading-230169f8611d8c342 uvc-8869\" data-hspacer=\"no_spacer\"  data-halign=\"center\" style=\"text-align:center\"><div class=\"uvc-heading-spacer no_spacer\" style=\"top\"><\/div><div class=\"uvc-main-heading ult-responsive\"  data-ultimate-target='.uvc-heading.ultimate-heading-230169f8611d8c342 h2'  data-responsive-json-new='{\"font-size\":\"desktop:35px;\",\"line-height\":\"\"}' ><h2 style=\"font-weight:bold;color:#2e2e4a;\">Below you will find the lists for the year 2024. The delivery schedule is from Monday to Friday between 2:00 p.m. and 4:00 p.m. EXCEPT WEDNESDAYS<\/h2><\/div><\/div><div class=\"ult-spacer spacer-69f8611d8c3b3\" data-id=\"69f8611d8c3b3\" data-height=\"50\" data-height-mobile=\"50\" data-height-tab=\"50\" data-height-tab-portrait=\"\" data-height-mobile-landscape=\"\" style=\"clear:both;display:block;\"><\/div><div class=\"vc_row wpb_row vc_inner vc_row-fluid\"><div class=\"wpb_column vc_column_container vc_col-sm-4\"><div class=\"vc_column-inner\"><div class=\"wpb_wrapper\"><div \tclass=\"vc_icon_element vc_icon_element-outer vc_icon_element-align-center\">\n\t<div class=\"vc_icon_element-inner vc_icon_element-color-custom vc_icon_element-size-xl vc_icon_element-style- vc_icon_element-background-color-grey\">\n\t\t<span class=\"vc_icon_element-icon fa fa-file-text-o\" style=\"color:#1e36bf !important\"><\/span><\/div>\n<\/div>\n<div class=\"ubtn-ctn-center\"><a class=\"ubtn-link ult-adjust-bottom-margin ubtn-center ubtn-normal\" href=\"https:\/\/www.colegiocristianointegral.com\/wp-content\/uploads\/2024\/01\/1.-LISTA_UTILES_PRE-JARDIN_2024.pdf\" title=\"PRE-SCHOOL SUPPLY LIST 2023\" target=\"_blank\" rel=\"noopener\" ><button type=\"button\" id=\"ubtn-1061\"  class=\"ubtn ult-adjust-bottom-margin ult-responsive ubtn-normal ubtn-no-hover-bg  none  ubtn-center   tooltip-69f8611d8ec13\"  data-hover=\"\" data-border-color=\"\" data-bg=\"#e0e0e0\" data-hover-bg=\"\" data-border-hover=\"\" data-shadow-hover=\"\" data-shadow-click=\"none\" data-shadow=\"\" data-shd-shadow=\"\"  data-ultimate-target='#ubtn-1061'  data-responsive-json-new='{\"font-size\":\"\",\"line-height\":\"\"}'  style=\"font-weight:normal;border:none;background: #e0e0e0;color: #000000;\"><span class=\"ubtn-hover\" style=\"background-color:\"><\/span><span class=\"ubtn-data ubtn-text\" >Pre-Kindergarten 2024 Supply List<\/span><\/button><\/a><\/div><\/div><\/div><\/div><div class=\"wpb_column vc_column_container vc_col-sm-4\"><div class=\"vc_column-inner\"><div class=\"wpb_wrapper\"><div \tclass=\"vc_icon_element vc_icon_element-outer vc_icon_element-align-center\">\n\t<div class=\"vc_icon_element-inner vc_icon_element-color-custom vc_icon_element-size-xl vc_icon_element-style- vc_icon_element-background-color-grey\">\n\t\t<span class=\"vc_icon_element-icon fa fa-file-text-o\" style=\"color:#1e36bf !important\"><\/span><\/div>\n<\/div>\n<div class=\"ubtn-ctn-center\"><a class=\"ubtn-link ult-adjust-bottom-margin ubtn-center ubtn-normal\" href=\"https:\/\/www.colegiocristianointegral.com\/wp-content\/uploads\/2024\/01\/2.-LISTA_UTILES_JARDIN_Y_TRANSICION_2024.pdf\" title=\"GARDEN AND TRANSITION LIST 2023\" target=\"_blank\" rel=\"noopener\" ><button type=\"button\" id=\"ubtn-7730\"  class=\"ubtn ult-adjust-bottom-margin ult-responsive ubtn-normal ubtn-no-hover-bg  none  ubtn-center   tooltip-69f8611d8f036\"  data-hover=\"\" data-border-color=\"\" data-bg=\"#e0e0e0\" data-hover-bg=\"\" data-border-hover=\"\" data-shadow-hover=\"\" data-shadow-click=\"none\" data-shadow=\"\" data-shd-shadow=\"\"  data-ultimate-target='#ubtn-7730'  data-responsive-json-new='{\"font-size\":\"\",\"line-height\":\"\"}'  style=\"font-weight:normal;border:none;background: #e0e0e0;color: #000000;\"><span class=\"ubtn-hover\" style=\"background-color:\"><\/span><span class=\"ubtn-data ubtn-text\" >Kindergarten and Transition Supply List<\/span><\/button><\/a><\/div><\/div><\/div><\/div><div class=\"wpb_column vc_column_container vc_col-sm-4\"><div class=\"vc_column-inner\"><div class=\"wpb_wrapper\"><div \tclass=\"vc_icon_element vc_icon_element-outer vc_icon_element-align-center\">\n\t<div class=\"vc_icon_element-inner vc_icon_element-color-custom vc_icon_element-size-xl vc_icon_element-style- vc_icon_element-background-color-grey\">\n\t\t<span class=\"vc_icon_element-icon fa fa-file-text-o\" style=\"color:#1e36bf !important\"><\/span><\/div>\n<\/div>\n<div class=\"ubtn-ctn-center\"><a class=\"ubtn-link ult-adjust-bottom-margin ubtn-center ubtn-normal\" href=\"https:\/\/www.colegiocristianointegral.com\/wp-content\/uploads\/2024\/01\/3.-LISTA_UTILES_PRIMERO_Y_SEGUNDO_2024.pdf\" title=\"LIST OF SUPPLIES FIRST AND SECOND 2024\" target=\"_blank\" rel=\"noopener\" ><button type=\"button\" id=\"ubtn-2455\"  class=\"ubtn ult-adjust-bottom-margin ult-responsive ubtn-normal ubtn-no-hover-bg  none  ubtn-center   tooltip-69f8611d8f2e9\"  data-hover=\"\" data-border-color=\"\" data-bg=\"#e0e0e0\" data-hover-bg=\"\" data-border-hover=\"\" data-shadow-hover=\"\" data-shadow-click=\"none\" data-shadow=\"\" data-shd-shadow=\"\"  data-ultimate-target='#ubtn-2455'  data-responsive-json-new='{\"font-size\":\"\",\"line-height\":\"\"}'  style=\"font-weight:normal;border:none;background: #e0e0e0;color: #000000;\"><span class=\"ubtn-hover\" style=\"background-color:\"><\/span><span class=\"ubtn-data ubtn-text\" >List of First and Second 2024<\/span><\/button><\/a><\/div><\/div><\/div><\/div><\/div><div class=\"vc_row wpb_row vc_inner vc_row-fluid\"><div class=\"wpb_column vc_column_container vc_col-sm-4\"><div class=\"vc_column-inner\"><div class=\"wpb_wrapper\"><div \tclass=\"vc_icon_element vc_icon_element-outer vc_icon_element-align-center\">\n\t<div class=\"vc_icon_element-inner vc_icon_element-color-custom vc_icon_element-size-xl vc_icon_element-style- vc_icon_element-background-color-grey\">\n\t\t<span class=\"vc_icon_element-icon fa fa-file-text-o\" style=\"color:#1e36bf !important\"><\/span><\/div>\n<\/div>\n<div class=\"ubtn-ctn-center\"><a class=\"ubtn-link ult-adjust-bottom-margin ubtn-center ubtn-normal\" href=\"https:\/\/www.colegiocristianointegral.com\/wp-content\/uploads\/2024\/01\/4.-LISTA_UTILES_TERCERO_2024.pdf\" title=\"LIST OF SUPPLIES THIRD PARTY 2024\" target=\"_blank\" rel=\"noopener\" ><button type=\"button\" id=\"ubtn-2182\"  class=\"ubtn ult-adjust-bottom-margin ult-responsive ubtn-normal ubtn-no-hover-bg  none  ubtn-center   tooltip-69f8611d8f725\"  data-hover=\"\" data-border-color=\"\" data-bg=\"#e0e0e0\" data-hover-bg=\"\" data-border-hover=\"\" data-shadow-hover=\"\" data-shadow-click=\"none\" data-shadow=\"\" data-shd-shadow=\"\"  data-ultimate-target='#ubtn-2182'  data-responsive-json-new='{\"font-size\":\"\",\"line-height\":\"\"}'  style=\"font-weight:normal;border:none;background: #e0e0e0;color: #000000;\"><span class=\"ubtn-hover\" style=\"background-color:\"><\/span><span class=\"ubtn-data ubtn-text\" >List of supplies Third 2024<\/span><\/button><\/a><\/div><\/div><\/div><\/div><div class=\"wpb_column vc_column_container vc_col-sm-4\"><div class=\"vc_column-inner\"><div class=\"wpb_wrapper\"><div \tclass=\"vc_icon_element vc_icon_element-outer vc_icon_element-align-center\">\n\t<div class=\"vc_icon_element-inner vc_icon_element-color-custom vc_icon_element-size-xl vc_icon_element-style- vc_icon_element-background-color-grey\">\n\t\t<span class=\"vc_icon_element-icon fa fa-file-text-o\" style=\"color:#1e36bf !important\"><\/span><\/div>\n<\/div>\n<div class=\"ubtn-ctn-center\"><a class=\"ubtn-link ult-adjust-bottom-margin ubtn-center ubtn-normal\" href=\"https:\/\/www.colegiocristianointegral.com\/wp-content\/uploads\/2024\/01\/5.-LISTA_UTILES_CUARTO_Y_QUINTO_2024.pdf\" title=\"SUPPLY LIST FOURTH AND FIFTH 2024\" target=\"_blank\" rel=\"noopener\" ><button type=\"button\" id=\"ubtn-2600\"  class=\"ubtn ult-adjust-bottom-margin ult-responsive ubtn-normal ubtn-no-hover-bg  none  ubtn-center   tooltip-69f8611d8f98f\"  data-hover=\"\" data-border-color=\"\" data-bg=\"#e0e0e0\" data-hover-bg=\"\" data-border-hover=\"\" data-shadow-hover=\"\" data-shadow-click=\"none\" data-shadow=\"\" data-shd-shadow=\"\"  data-ultimate-target='#ubtn-2600'  data-responsive-json-new='{\"font-size\":\"\",\"line-height\":\"\"}'  style=\"font-weight:normal;border:none;background: #e0e0e0;color: #000000;\"><span class=\"ubtn-hover\" style=\"background-color:\"><\/span><span class=\"ubtn-data ubtn-text\" >Fourth and Fifth Grade Supply List 2024<\/span><\/button><\/a><\/div><\/div><\/div><\/div><div class=\"wpb_column vc_column_container vc_col-sm-4\"><div class=\"vc_column-inner\"><div class=\"wpb_wrapper\"><div \tclass=\"vc_icon_element vc_icon_element-outer vc_icon_element-align-center\">\n\t<div class=\"vc_icon_element-inner vc_icon_element-color-custom vc_icon_element-size-xl vc_icon_element-style- vc_icon_element-background-color-grey\">\n\t\t<span class=\"vc_icon_element-icon fa fa-file-text-o\" style=\"color:#1e36bf !important\"><\/span><\/div>\n<\/div>\n<div class=\"ubtn-ctn-center\"><a class=\"ubtn-link ult-adjust-bottom-margin ubtn-center ubtn-normal\" href=\"https:\/\/www.colegiocristianointegral.com\/wp-content\/uploads\/2024\/01\/6.-LISTA_UTILES_SEXTO_SEPTIMO_OCTAVO_2024.pdf\" title=\"LIST OF SIXTH, SEVENTH AND EIGHTH GRADE SUPPLIES 2024\" target=\"_blank\" rel=\"noopener\" ><button type=\"button\" id=\"ubtn-2418\"  class=\"ubtn ult-adjust-bottom-margin ult-responsive ubtn-normal ubtn-no-hover-bg  none  ubtn-center   tooltip-69f8611d8fc66\"  data-hover=\"\" data-border-color=\"\" data-bg=\"#e0e0e0\" data-hover-bg=\"\" data-border-hover=\"\" data-shadow-hover=\"\" data-shadow-click=\"none\" data-shadow=\"\" data-shd-shadow=\"\"  data-ultimate-target='#ubtn-2418'  data-responsive-json-new='{\"font-size\":\"\",\"line-height\":\"\"}'  style=\"font-weight:normal;border:none;background: #e0e0e0;color: #000000;\"><span class=\"ubtn-hover\" style=\"background-color:\"><\/span><span class=\"ubtn-data ubtn-text\" >List of supplies Sixth, Seventh and Eighth Grade 2024<\/span><\/button><\/a><\/div><\/div><\/div><\/div><\/div><div class=\"vc_row wpb_row vc_inner vc_row-fluid\"><div class=\"wpb_column vc_column_container vc_col-sm-4\"><div class=\"vc_column-inner\"><div class=\"wpb_wrapper\"><\/div><\/div><\/div><div class=\"wpb_column vc_column_container vc_col-sm-4\"><div class=\"vc_column-inner\"><div class=\"wpb_wrapper\"><div \tclass=\"vc_icon_element vc_icon_element-outer vc_icon_element-align-center\">\n\t<div class=\"vc_icon_element-inner vc_icon_element-color-custom vc_icon_element-size-xl vc_icon_element-style- vc_icon_element-background-color-grey\">\n\t\t<span class=\"vc_icon_element-icon fa fa-file-text-o\" style=\"color:#1e36bf !important\"><\/span><\/div>\n<\/div>\n<div class=\"ubtn-ctn-center\"><a class=\"ubtn-link ult-adjust-bottom-margin ubtn-center ubtn-normal\" href=\"https:\/\/www.colegiocristianointegral.com\/wp-content\/uploads\/2024\/01\/7.-LISTA_UTILES_NOVENO_DECIMO_UNDECIMO_2024.pdf\" title=\"LIST OF NINTH, TENTH AND ELEVENTH GRADE SUPPLIES 2024\" target=\"_blank\" rel=\"noopener\" ><button type=\"button\" id=\"ubtn-1975\"  class=\"ubtn ult-adjust-bottom-margin ult-responsive ubtn-normal ubtn-no-hover-bg  none  ubtn-center   tooltip-69f8611d901a2\"  data-hover=\"\" data-border-color=\"\" data-bg=\"#e0e0e0\" data-hover-bg=\"\" data-border-hover=\"\" data-shadow-hover=\"\" data-shadow-click=\"none\" data-shadow=\"\" data-shd-shadow=\"\"  data-ultimate-target='#ubtn-1975'  data-responsive-json-new='{\"font-size\":\"\",\"line-height\":\"\"}'  style=\"font-weight:normal;border:none;background: #e0e0e0;color: #000000;\"><span class=\"ubtn-hover\" style=\"background-color:\"><\/span><span class=\"ubtn-data ubtn-text\" >List of supplies Ninth, Tenth and Eleventh Grade 2024<\/span><\/button><\/a><\/div><\/div><\/div><\/div><div class=\"wpb_column vc_column_container vc_col-sm-4\"><div class=\"vc_column-inner\"><div class=\"wpb_wrapper\"><\/div><\/div><\/div><\/div><\/div><\/div><\/div><\/div><div class=\"vc_row-full-width vc_clearfix\"><\/div>","protected":false},"excerpt":{"rendered":"Descarga la lista de \u00fatiles para tus hijosA continuaci\u00f3n encontrar\u00e1s las listas para el a\u00f1o 2024. El horario de entrega de \u00fatiles es de Lunes a Viernes entre 2:00 p.m. y 4:00 p.m. EXCEPTO LOS D\u00cdAS MIERCOLES Lista de \u00fatiles Pre-Jardin 2024 Lista de \u00fatiles Jard\u00cdn y Transici\u00f3n Lista de Primero y Segundo 2024 Lista [...]","protected":false},"author":1,"featured_media":0,"parent":0,"menu_order":0,"comment_status":"closed","ping_status":"closed","template":"","meta":{"footnotes":""},"class_list":["post-11903","page","type-page","status-publish","hentry"],"yoast_head":"<!-- This site is optimized with the Yoast SEO Premium plugin v26.2 (Yoast SEO v26.2) - https:\/\/yoast.com\/wordpress\/plugins\/seo\/ -->\n<title>LISTAS DE \u00daTILES - Colegio Cristiano Integral<\/title>\n<meta name=\"robots\" content=\"index, follow, max-snippet:-1, max-image-preview:large, max-video-preview:-1\" \/>\n<link rel=\"canonical\" href=\"https:\/\/colegiocristianointegral.com\/en\/usefullists\/\" \/>\n<meta property=\"og:locale\" content=\"en_US\" \/>\n<meta property=\"og:type\" content=\"article\" \/>\n<meta property=\"og:title\" content=\"LISTAS DE \u00daTILES\" \/>\n<meta property=\"og:url\" content=\"https:\/\/colegiocristianointegral.com\/en\/usefullists\/\" \/>\n<meta property=\"og:site_name\" content=\"Colegio Cristiano Integral\" \/>\n<meta property=\"article:modified_time\" content=\"2024-01-22T17:16:51+00:00\" \/>\n<meta name=\"twitter:card\" content=\"summary_large_image\" \/>\n<meta name=\"twitter:label1\" content=\"Est. reading time\" \/>\n\t<meta name=\"twitter:data1\" content=\"4 minutes\" \/>\n<script type=\"application\/ld+json\" class=\"yoast-schema-graph\">{\"@context\":\"https:\/\/schema.org\",\"@graph\":[{\"@type\":\"WebPage\",\"@id\":\"https:\/\/colegiocristianointegral.com\/listasdeutiles\/\",\"url\":\"https:\/\/colegiocristianointegral.com\/listasdeutiles\/\",\"name\":\"LISTAS DE \u00daTILES - Colegio Cristiano Integral\",\"isPartOf\":{\"@id\":\"https:\/\/colegiocristianointegral.com\/#website\"},\"datePublished\":\"2021-01-28T13:56:42+00:00\",\"dateModified\":\"2024-01-22T17:16:51+00:00\",\"breadcrumb\":{\"@id\":\"https:\/\/colegiocristianointegral.com\/listasdeutiles\/#breadcrumb\"},\"inLanguage\":\"en-US\",\"potentialAction\":[{\"@type\":\"ReadAction\",\"target\":[\"https:\/\/colegiocristianointegral.com\/listasdeutiles\/\"]}]},{\"@type\":\"BreadcrumbList\",\"@id\":\"https:\/\/colegiocristianointegral.com\/listasdeutiles\/#breadcrumb\",\"itemListElement\":[{\"@type\":\"ListItem\",\"position\":1,\"name\":\"Home\",\"item\":\"https:\/\/colegiocristianointegral.com\/\"},{\"@type\":\"ListItem\",\"position\":2,\"name\":\"LISTAS DE \u00daTILES\"}]},{\"@type\":\"WebSite\",\"@id\":\"https:\/\/colegiocristianointegral.com\/#website\",\"url\":\"https:\/\/colegiocristianointegral.com\/\",\"name\":\"Colegio Cristiano Integral\",\"description\":\"\",\"publisher\":{\"@id\":\"https:\/\/colegiocristianointegral.com\/#organization\"},\"potentialAction\":[{\"@type\":\"SearchAction\",\"target\":{\"@type\":\"EntryPoint\",\"urlTemplate\":\"https:\/\/colegiocristianointegral.com\/?s={search_term_string}\"},\"query-input\":{\"@type\":\"PropertyValueSpecification\",\"valueRequired\":true,\"valueName\":\"search_term_string\"}}],\"inLanguage\":\"en-US\"},{\"@type\":\"Organization\",\"@id\":\"https:\/\/colegiocristianointegral.com\/#organization\",\"name\":\"Colegio Cristiano Integral\",\"url\":\"https:\/\/colegiocristianointegral.com\/\",\"logo\":{\"@type\":\"ImageObject\",\"inLanguage\":\"en-US\",\"@id\":\"https:\/\/colegiocristianointegral.com\/#\/schema\/logo\/image\/\",\"url\":\"https:\/\/colegiocristianointegral.com\/wp-content\/uploads\/2021\/01\/LOGO-1-GRAN.png\",\"contentUrl\":\"https:\/\/colegiocristianointegral.com\/wp-content\/uploads\/2021\/01\/LOGO-1-GRAN.png\",\"width\":1492,\"height\":335,\"caption\":\"Colegio Cristiano Integral\"},\"image\":{\"@id\":\"https:\/\/colegiocristianointegral.com\/#\/schema\/logo\/image\/\"}}]}<\/script>\n<!-- \/ Yoast SEO Premium plugin. -->","yoast_head_json":{"title":"SUPPLY LISTS - Colegio Cristiano Integral","robots":{"index":"index","follow":"follow","max-snippet":"max-snippet:-1","max-image-preview":"max-image-preview:large","max-video-preview":"max-video-preview:-1"},"canonical":"https:\/\/colegiocristianointegral.com\/en\/usefullists\/","og_locale":"en_US","og_type":"article","og_title":"LISTAS DE \u00daTILES","og_url":"https:\/\/colegiocristianointegral.com\/en\/usefullists\/","og_site_name":"Colegio Cristiano Integral","article_modified_time":"2024-01-22T17:16:51+00:00","twitter_card":"summary_large_image","twitter_misc":{"Est. reading time":"4 minutes"},"schema":{"@context":"https:\/\/schema.org","@graph":[{"@type":"WebPage","@id":"https:\/\/colegiocristianointegral.com\/listasdeutiles\/","url":"https:\/\/colegiocristianointegral.com\/listasdeutiles\/","name":"SUPPLY LISTS - Colegio Cristiano Integral","isPartOf":{"@id":"https:\/\/colegiocristianointegral.com\/#website"},"datePublished":"2021-01-28T13:56:42+00:00","dateModified":"2024-01-22T17:16:51+00:00","breadcrumb":{"@id":"https:\/\/colegiocristianointegral.com\/listasdeutiles\/#breadcrumb"},"inLanguage":"en-US","potentialAction":[{"@type":"ReadAction","target":["https:\/\/colegiocristianointegral.com\/listasdeutiles\/"]}]},{"@type":"BreadcrumbList","@id":"https:\/\/colegiocristianointegral.com\/listasdeutiles\/#breadcrumb","itemListElement":[{"@type":"ListItem","position":1,"name":"Home","item":"https:\/\/colegiocristianointegral.com\/"},{"@type":"ListItem","position":2,"name":"LISTAS DE \u00daTILES"}]},{"@type":"WebSite","@id":"https:\/\/colegiocristianointegral.com\/#website","url":"https:\/\/colegiocristianointegral.com\/","name":"Colegio Cristiano Integral","description":"","publisher":{"@id":"https:\/\/colegiocristianointegral.com\/#organization"},"potentialAction":[{"@type":"SearchAction","target":{"@type":"EntryPoint","urlTemplate":"https:\/\/colegiocristianointegral.com\/?s={search_term_string}"},"query-input":{"@type":"PropertyValueSpecification","valueRequired":true,"valueName":"search_term_string"}}],"inLanguage":"en-US"},{"@type":"Organization","@id":"https:\/\/colegiocristianointegral.com\/#organization","name":"Colegio Cristiano Integral","url":"https:\/\/colegiocristianointegral.com\/","logo":{"@type":"ImageObject","inLanguage":"en-US","@id":"https:\/\/colegiocristianointegral.com\/#\/schema\/logo\/image\/","url":"https:\/\/colegiocristianointegral.com\/wp-content\/uploads\/2021\/01\/LOGO-1-GRAN.png","contentUrl":"https:\/\/colegiocristianointegral.com\/wp-content\/uploads\/2021\/01\/LOGO-1-GRAN.png","width":1492,"height":335,"caption":"Colegio Cristiano Integral"},"image":{"@id":"https:\/\/colegiocristianointegral.com\/#\/schema\/logo\/image\/"}}]}},"_links":{"self":[{"href":"https:\/\/colegiocristianointegral.com\/en\/wp-json\/wp\/v2\/pages\/11903","targetHints":{"allow":["GET"]}}],"collection":[{"href":"https:\/\/colegiocristianointegral.com\/en\/wp-json\/wp\/v2\/pages"}],"about":[{"href":"https:\/\/colegiocristianointegral.com\/en\/wp-json\/wp\/v2\/types\/page"}],"author":[{"embeddable":true,"href":"https:\/\/colegiocristianointegral.com\/en\/wp-json\/wp\/v2\/users\/1"}],"replies":[{"embeddable":true,"href":"https:\/\/colegiocristianointegral.com\/en\/wp-json\/wp\/v2\/comments?post=11903"}],"version-history":[{"count":26,"href":"https:\/\/colegiocristianointegral.com\/en\/wp-json\/wp\/v2\/pages\/11903\/revisions"}],"predecessor-version":[{"id":13418,"href":"https:\/\/colegiocristianointegral.com\/en\/wp-json\/wp\/v2\/pages\/11903\/revisions\/13418"}],"wp:attachment":[{"href":"https:\/\/colegiocristianointegral.com\/en\/wp-json\/wp\/v2\/media?parent=11903"}],"curies":[{"name":"wp","href":"https:\/\/api.w.org\/{rel}","templated":true}]}}