{"id":11813,"date":"2021-01-18T17:14:44","date_gmt":"2021-01-18T17:14:44","guid":{"rendered":"https:\/\/colegiocristianointegral.com\/?page_id=11813"},"modified":"2026-03-17T12:56:12","modified_gmt":"2026-03-17T12:56:12","slug":"circulars","status":"publish","type":"page","link":"https:\/\/colegiocristianointegral.com\/en\/circulars\/","title":{"rendered":"CIRCULARS"},"content":{"rendered":"<div data-vc-full-width=\"true\" data-vc-full-width-init=\"false\" data-vc-stretch-content=\"true\" class=\"vc_row wpb_row vc_row-fluid vc_custom_1737062285880 vc_row-no-padding\"><div class=\"wpb_column vc_column_container vc_col-sm-6\"><div class=\"vc_column-inner vc_custom_1693311810075\"><div class=\"wpb_wrapper\"><div id=\"ultimate-heading-817269e075fe13368\" class=\"uvc-heading ult-adjust-bottom-margin ultimate-heading-817269e075fe13368 uvc-5650\" data-hspacer=\"no_spacer\"  data-halign=\"center\" style=\"text-align:center\"><div class=\"uvc-heading-spacer no_spacer\" style=\"top\"><\/div><div class=\"uvc-main-heading ult-responsive\"  data-ultimate-target='.uvc-heading.ultimate-heading-817269e075fe13368 h2'  data-responsive-json-new='{\"font-size\":\"desktop:65px;\",\"line-height\":\"\"}' ><h2 style=\"font-weight:bold;color:#ffffff;\">Find our newsletters here<\/h2><\/div><\/div><div class=\"vc_tta-container\" data-vc-action=\"collapse\"><h2>CIRCULARS 2026<\/h2><div class=\"vc_general vc_tta vc_tta-accordion vc_tta-color-grey vc_tta-style-classic vc_tta-shape-square vc_tta-o-shape-group vc_tta-controls-align-center vc_tta-o-no-fill\"><div class=\"vc_tta-panels-container\"><div class=\"vc_tta-panels\"><div class=\"vc_tta-panel vc_active\" id=\"1737742057158-057cc820-ea28\" data-vc-content=\".vc_tta-panel-body\"><div class=\"vc_tta-panel-heading\"><h4 class=\"vc_tta-panel-title vc_tta-controls-icon-position-left\"><a href=\"#1737742057158-057cc820-ea28\" data-vc-accordion data-vc-container=\".vc_tta-container\"><i class=\"vc_tta-icon fa fa-envelope-open\"><\/i><span class=\"vc_tta-title-text\">CIRCULARS<\/span><i class=\"vc_tta-controls-icon vc_tta-controls-icon-plus\"><\/i><\/a><\/h4><\/div><div class=\"vc_tta-panel-body\"><div class=\"ubtn-ctn-center\"><a class=\"ubtn-link ult-adjust-bottom-margin ubtn-center ubtn-normal\" href=\"https:\/\/colegiocristianointegral.com\/wp-content\/uploads\/2026\/02\/Manual_de_Convivencia_CCI_Version-1.0.pdf\" title=\"Coexistence Manual\" ><button type=\"button\" id=\"ubtn-7999\"  class=\"ubtn ult-adjust-bottom-margin ult-responsive ubtn-normal ubtn-no-hover-bg  none  ubtn-center   tooltip-69e075fe1483a\"  data-hover=\"\" data-border-color=\"\" data-bg=\"#004b96\" data-hover-bg=\"\" data-border-hover=\"\" data-shadow-hover=\"\" data-shadow-click=\"none\" data-shadow=\"\" data-shd-shadow=\"\"  data-ultimate-target='#ubtn-7999'  data-responsive-json-new='{\"font-size\":\"\",\"line-height\":\"\"}'  style=\"font-weight:bold;border:none;background: #004b96;color: #ffffff;\"><span class=\"ubtn-hover\" style=\"background-color:\"><\/span><span class=\"ubtn-data ubtn-text\" >Coexistence_Handbook<\/span><\/button><\/a><\/div><div class=\"ubtn-ctn-center\"><a class=\"ubtn-link ult-adjust-bottom-margin ubtn-center ubtn-normal\" href=\"https:\/\/colegiocristianointegral.com\/wp-content\/uploads\/2026\/03\/1.-Protocolo_de_las_Tics_CCI.pdf\" title=\"ICT_Protocols\" ><button type=\"button\" id=\"ubtn-2458\"  class=\"ubtn ult-adjust-bottom-margin ult-responsive ubtn-normal ubtn-no-hover-bg  none  ubtn-center   tooltip-69e075fe1493a\"  data-hover=\"\" data-border-color=\"\" data-bg=\"#004b96\" data-hover-bg=\"\" data-border-hover=\"\" data-shadow-hover=\"\" data-shadow-click=\"none\" data-shadow=\"\" data-shd-shadow=\"\"  data-ultimate-target='#ubtn-2458'  data-responsive-json-new='{\"font-size\":\"\",\"line-height\":\"\"}'  style=\"font-weight:bold;border:none;background: #004b96;color: #ffffff;\"><span class=\"ubtn-hover\" style=\"background-color:\"><\/span><span class=\"ubtn-data ubtn-text\" >ICT_Protocols<\/span><\/button><\/a><\/div><div class=\"ubtn-ctn-center\"><a class=\"ubtn-link ult-adjust-bottom-margin ubtn-center ubtn-normal\" href=\"https:\/\/colegiocristianointegral.com\/wp-content\/uploads\/2026\/01\/001.-Community_Information_Asamblea_Padres_E_Ingreso_Estudiantes_2026-1.pdf\" title=\"001. Community_Information_Asamblea_Padres_E_Ingreso_E_E_Estudiantes_2026\" ><button type=\"button\" id=\"ubtn-9676\"  class=\"ubtn ult-adjust-bottom-margin ult-responsive ubtn-normal ubtn-no-hover-bg  none  ubtn-center   tooltip-69e075fe1498e\"  data-hover=\"\" data-border-color=\"\" data-bg=\"#004b96\" data-hover-bg=\"\" data-border-hover=\"\" data-shadow-hover=\"\" data-shadow-click=\"none\" data-shadow=\"\" data-shd-shadow=\"\"  data-ultimate-target='#ubtn-9676'  data-responsive-json-new='{\"font-size\":\"\",\"line-height\":\"\"}'  style=\"font-weight:bold;border:none;background: #004b96;color: #ffffff;\"><span class=\"ubtn-hover\" style=\"background-color:\"><\/span><span class=\"ubtn-data ubtn-text\" >001. Community_Information_Asamblea_Padres_E_Ingreso_E_E_Estudiantes_2026<\/span><\/button><\/a><\/div><div class=\"ubtn-ctn-center\"><a class=\"ubtn-link ult-adjust-bottom-margin ubtn-center ubtn-normal\" href=\"https:\/\/colegiocristianointegral.com\/wp-content\/uploads\/2026\/01\/002.-Community_Information_Asignacion_Cuadernos_2026.pdf\" title=\"002. Community_Information_Allocation_Booklets_2026\" ><button type=\"button\" id=\"ubtn-1068\"  class=\"ubtn ult-adjust-bottom-margin ult-responsive ubtn-normal ubtn-no-hover-bg  none  ubtn-center   tooltip-69e075fe149de\"  data-hover=\"\" data-border-color=\"\" data-bg=\"#004b96\" data-hover-bg=\"\" data-border-hover=\"\" data-shadow-hover=\"\" data-shadow-click=\"none\" data-shadow=\"\" data-shd-shadow=\"\"  data-ultimate-target='#ubtn-1068'  data-responsive-json-new='{\"font-size\":\"\",\"line-height\":\"\"}'  style=\"font-weight:bold;border:none;background: #004b96;color: #ffffff;\"><span class=\"ubtn-hover\" style=\"background-color:\"><\/span><span class=\"ubtn-data ubtn-text\" >002. Community_Information_Allocation_Booklets_2026<\/span><\/button><\/a><\/div><div class=\"ubtn-ctn-center\"><a class=\"ubtn-link ult-adjust-bottom-margin ubtn-center ubtn-normal\" href=\"https:\/\/colegiocristianointegral.com\/wp-content\/uploads\/2026\/02\/004.-Community_Information_Class_Schedule.pdf\" title=\"003. Community_Information_Class_Schedule\" ><button type=\"button\" id=\"ubtn-4092\"  class=\"ubtn ult-adjust-bottom-margin ult-responsive ubtn-normal ubtn-no-hover-bg  none  ubtn-center   tooltip-69e075fe14a38\"  data-hover=\"\" data-border-color=\"\" data-bg=\"#004b96\" data-hover-bg=\"\" data-border-hover=\"\" data-shadow-hover=\"\" data-shadow-click=\"none\" data-shadow=\"\" data-shd-shadow=\"\"  data-ultimate-target='#ubtn-4092'  data-responsive-json-new='{\"font-size\":\"\",\"line-height\":\"\"}'  style=\"font-weight:bold;border:none;background: #004b96;color: #ffffff;\"><span class=\"ubtn-hover\" style=\"background-color:\"><\/span><span class=\"ubtn-data ubtn-text\" >003. Community_Information_Class_Schedule<\/span><\/button><\/a><\/div><\/div><\/div><\/div><\/div><\/div><\/div><\/div><\/div><\/div><div class=\"wpb_column vc_column_container vc_col-sm-6\"><div class=\"vc_column-inner\"><div class=\"wpb_wrapper\"><div id=\"ultimate-heading-735469e075fe14ef1\" class=\"uvc-heading ult-adjust-bottom-margin ultimate-heading-735469e075fe14ef1 uvc-4403\" data-hspacer=\"no_spacer\"  data-halign=\"center\" style=\"text-align:center\"><div class=\"uvc-heading-spacer no_spacer\" style=\"top\"><\/div><div class=\"uvc-main-heading ult-responsive\"  data-ultimate-target='.uvc-heading.ultimate-heading-735469e075fe14ef1 h2'  data-responsive-json-new='{\"font-size\":\"desktop:65px;\",\"line-height\":\"\"}' ><h2 style=\"font-weight:bold;color:#ffffff;\">Suggested list of school supplies<\/h2><\/div><\/div><div class=\"vc_tta-container\" data-vc-action=\"collapse\"><h2>CIRCULARS 2026<\/h2><div class=\"vc_general vc_tta vc_tta-accordion vc_tta-color-grey vc_tta-style-classic vc_tta-shape-square vc_tta-o-shape-group vc_tta-controls-align-center vc_tta-o-no-fill\"><div class=\"vc_tta-panels-container\"><div class=\"vc_tta-panels\"><div class=\"vc_tta-panel vc_active\" id=\"1771006756014-dd1e0e01-5511\" data-vc-content=\".vc_tta-panel-body\"><div class=\"vc_tta-panel-heading\"><h4 class=\"vc_tta-panel-title vc_tta-controls-icon-position-left\"><a href=\"#1771006756014-dd1e0e01-5511\" data-vc-accordion data-vc-container=\".vc_tta-container\"><i class=\"vc_tta-icon fa fa-envelope-open\"><\/i><span class=\"vc_tta-title-text\">Suggested list of school supplies<\/span><i class=\"vc_tta-controls-icon vc_tta-controls-icon-plus\"><\/i><\/a><\/h4><\/div><div class=\"vc_tta-panel-body\"><div class=\"ubtn-ctn-center\"><a class=\"ubtn-link ult-adjust-bottom-margin ubtn-center ubtn-normal\" href=\"https:\/\/colegiocristianointegral.com\/wp-content\/uploads\/2026\/02\/LISTAS_UTILES_PREESCOLAR_2026-1.pdf\" title=\"PRESCHOOL_USEFUL_LISTS_2026 \" ><button type=\"button\" id=\"ubtn-2964\"  class=\"ubtn ult-adjust-bottom-margin ult-responsive ubtn-normal ubtn-no-hover-bg  none  ubtn-center   tooltip-69e075fe15411\"  data-hover=\"\" data-border-color=\"\" data-bg=\"#004b96\" data-hover-bg=\"\" data-border-hover=\"\" data-shadow-hover=\"\" data-shadow-click=\"none\" data-shadow=\"\" data-shd-shadow=\"\"  data-ultimate-target='#ubtn-2964'  data-responsive-json-new='{\"font-size\":\"\",\"line-height\":\"\"}'  style=\"font-weight:bold;border:none;background: #004b96;color: #ffffff;\"><span class=\"ubtn-hover\" style=\"background-color:\"><\/span><span class=\"ubtn-data ubtn-text\" >PRESCHOOL_USEFUL_LISTS_2026<\/span><\/button><\/a><\/div><div class=\"ubtn-ctn-center\"><a class=\"ubtn-link ult-adjust-bottom-margin ubtn-center ubtn-normal\" href=\"https:\/\/colegiocristianointegral.com\/wp-content\/uploads\/2026\/02\/LISTAS_UTILES_PRIMARIA_2026-2.pdf\" title=\"USEFUL_LISTS_PRIMARY_2026 \" ><button type=\"button\" id=\"ubtn-3607\"  class=\"ubtn ult-adjust-bottom-margin ult-responsive ubtn-normal ubtn-no-hover-bg  none  ubtn-center   tooltip-69e075fe154a2\"  data-hover=\"\" data-border-color=\"\" data-bg=\"#004b96\" data-hover-bg=\"\" data-border-hover=\"\" data-shadow-hover=\"\" data-shadow-click=\"none\" data-shadow=\"\" data-shd-shadow=\"\"  data-ultimate-target='#ubtn-3607'  data-responsive-json-new='{\"font-size\":\"\",\"line-height\":\"\"}'  style=\"font-weight:bold;border:none;background: #004b96;color: #ffffff;\"><span class=\"ubtn-hover\" style=\"background-color:\"><\/span><span class=\"ubtn-data ubtn-text\" >USEFUL_LISTS_PRIMARY_2026<\/span><\/button><\/a><\/div><div class=\"ubtn-ctn-center\"><a class=\"ubtn-link ult-adjust-bottom-margin ubtn-center ubtn-normal\" href=\"https:\/\/colegiocristianointegral.com\/wp-content\/uploads\/2026\/02\/LISTAS_UTILES_BACHILLERATO_2026-1.pdf\" title=\"USEFUL_LISTS_HIGH_SCHOOL_2026 \" ><button type=\"button\" id=\"ubtn-9674\"  class=\"ubtn ult-adjust-bottom-margin ult-responsive ubtn-normal ubtn-no-hover-bg  none  ubtn-center   tooltip-69e075fe15520\"  data-hover=\"\" data-border-color=\"\" data-bg=\"#004b96\" data-hover-bg=\"\" data-border-hover=\"\" data-shadow-hover=\"\" data-shadow-click=\"none\" data-shadow=\"\" data-shd-shadow=\"\"  data-ultimate-target='#ubtn-9674'  data-responsive-json-new='{\"font-size\":\"\",\"line-height\":\"\"}'  style=\"font-weight:bold;border:none;background: #004b96;color: #ffffff;\"><span class=\"ubtn-hover\" style=\"background-color:\"><\/span><span class=\"ubtn-data ubtn-text\" >USEFUL_LISTS_HIGH_SCHOOL_2026<\/span><\/button><\/a><\/div><\/div><\/div><\/div><\/div><\/div><\/div><\/div><\/div><\/div><\/div><div class=\"vc_row-full-width vc_clearfix\"><\/div><!-- Row Backgrounds --><div class=\"upb_bg_img\" data-ultimate-bg=\"url(https:\/\/colegiocristianointegral.com\/wp-content\/uploads\/2024\/10\/DSC00379-scaled.jpg)\" data-image-id=\"id^14171|url^https:\/\/colegiocristianointegral.com\/wp-content\/uploads\/2024\/10\/DSC00379-scaled.jpg|caption^null|alt^null|title^DSC00379|description^null\" data-ultimate-bg-style=\"vcpb-default\" data-bg-img-repeat=\"repeat\" data-bg-img-size=\"cover\" data-bg-img-position=\"\" data-parallx_sense=\"30\" data-bg-override=\"ex-full\" data-bg_img_attach=\"scroll\" data-upb-overlay-color=\"rgba(0,0,0,0.3)\" data-upb-bg-animation=\"\" data-fadeout=\"fadeout_row_value\" data-bg-animation=\"left-animation\" data-bg-animation-type=\"h\" data-animation-repeat=\"repeat\" data-fadeout-percentage=\"30\" data-parallax-content=\"parallax_content_value\" data-parallax-content-sense=\"30\" data-row-effect-mobile-disable=\"true\" data-img-parallax-mobile-disable=\"true\" data-rtl=\"false\"  data-custom-vc-row=\"\"  data-vc=\"5.7\"  data-is_old_vc=\"\"  data-theme-support=\"\"   data-overlay=\"true\" data-overlay-color=\"rgba(0,0,0,0.3)\" data-overlay-pattern=\"\" data-overlay-pattern-opacity=\"0.8\" data-overlay-pattern-size=\"\" data-overlay-pattern-attachment=\"scroll\"    ><\/div><div class=\"vc_row wpb_row vc_row-fluid vc_custom_1737065231959\"><div class=\"wpb_animate_when_almost_visible wpb_fadeInUp fadeInUp wpb_column vc_column_container vc_col-sm-6\"><div class=\"vc_column-inner vc_custom_1737065323268\"><div class=\"wpb_wrapper\"><\/div><\/div><\/div><\/div>","protected":false},"excerpt":{"rendered":"Encuentra aqu\u00ed nuestras circularesCIRCULARES 2026CIRCULARESManual_De_ConvivenciaProtocolo_De_Las_Tics_CCI001. Community_Information_Asamblea_Padres_E_Ingreso_Estudiantes_2026002. Community_Information_Asignaci\u00f3n_Cuadernos_2026003. Community_Information_Class_ScheduleLista de \u00fatiles escolares sugeridaCIRCULARES 2026Lista de \u00fatiles escolares sugeridaLISTAS_\u00daTILES_PREESCOLAR_2026LISTAS_\u00daTILES_PRIMARIA_2026LISTAS_\u00daTILES_BACHILLERATO_2026","protected":false},"author":1,"featured_media":0,"parent":0,"menu_order":0,"comment_status":"closed","ping_status":"closed","template":"","meta":{"footnotes":""},"class_list":["post-11813","page","type-page","status-publish","hentry"],"yoast_head":"<!-- This site is optimized with the Yoast SEO Premium plugin v26.2 (Yoast SEO v26.2) - https:\/\/yoast.com\/wordpress\/plugins\/seo\/ -->\n<title>CIRCULARES - Colegio Cristiano Integral<\/title>\n<meta name=\"robots\" content=\"index, follow, max-snippet:-1, max-image-preview:large, max-video-preview:-1\" \/>\n<link rel=\"canonical\" href=\"https:\/\/colegiocristianointegral.com\/en\/circulars\/\" \/>\n<meta property=\"og:locale\" content=\"en_US\" \/>\n<meta property=\"og:type\" content=\"article\" \/>\n<meta property=\"og:title\" content=\"CIRCULARES\" \/>\n<meta property=\"og:url\" content=\"https:\/\/colegiocristianointegral.com\/en\/circulars\/\" \/>\n<meta property=\"og:site_name\" content=\"Colegio Cristiano Integral\" \/>\n<meta property=\"article:modified_time\" content=\"2026-03-17T12:56:12+00:00\" \/>\n<meta name=\"twitter:card\" content=\"summary_large_image\" \/>\n<meta name=\"twitter:label1\" content=\"Est. reading time\" \/>\n\t<meta name=\"twitter:data1\" content=\"1 minute\" \/>\n<script type=\"application\/ld+json\" class=\"yoast-schema-graph\">{\"@context\":\"https:\/\/schema.org\",\"@graph\":[{\"@type\":\"WebPage\",\"@id\":\"https:\/\/colegiocristianointegral.com\/circulares\/\",\"url\":\"https:\/\/colegiocristianointegral.com\/circulares\/\",\"name\":\"CIRCULARES - Colegio Cristiano Integral\",\"isPartOf\":{\"@id\":\"https:\/\/colegiocristianointegral.com\/#website\"},\"datePublished\":\"2021-01-18T17:14:44+00:00\",\"dateModified\":\"2026-03-17T12:56:12+00:00\",\"breadcrumb\":{\"@id\":\"https:\/\/colegiocristianointegral.com\/circulares\/#breadcrumb\"},\"inLanguage\":\"en-US\",\"potentialAction\":[{\"@type\":\"ReadAction\",\"target\":[\"https:\/\/colegiocristianointegral.com\/circulares\/\"]}]},{\"@type\":\"BreadcrumbList\",\"@id\":\"https:\/\/colegiocristianointegral.com\/circulares\/#breadcrumb\",\"itemListElement\":[{\"@type\":\"ListItem\",\"position\":1,\"name\":\"Home\",\"item\":\"https:\/\/colegiocristianointegral.com\/\"},{\"@type\":\"ListItem\",\"position\":2,\"name\":\"CIRCULARES\"}]},{\"@type\":\"WebSite\",\"@id\":\"https:\/\/colegiocristianointegral.com\/#website\",\"url\":\"https:\/\/colegiocristianointegral.com\/\",\"name\":\"Colegio Cristiano Integral\",\"description\":\"\",\"publisher\":{\"@id\":\"https:\/\/colegiocristianointegral.com\/#organization\"},\"potentialAction\":[{\"@type\":\"SearchAction\",\"target\":{\"@type\":\"EntryPoint\",\"urlTemplate\":\"https:\/\/colegiocristianointegral.com\/?s={search_term_string}\"},\"query-input\":{\"@type\":\"PropertyValueSpecification\",\"valueRequired\":true,\"valueName\":\"search_term_string\"}}],\"inLanguage\":\"en-US\"},{\"@type\":\"Organization\",\"@id\":\"https:\/\/colegiocristianointegral.com\/#organization\",\"name\":\"Colegio Cristiano Integral\",\"url\":\"https:\/\/colegiocristianointegral.com\/\",\"logo\":{\"@type\":\"ImageObject\",\"inLanguage\":\"en-US\",\"@id\":\"https:\/\/colegiocristianointegral.com\/#\/schema\/logo\/image\/\",\"url\":\"https:\/\/colegiocristianointegral.com\/wp-content\/uploads\/2021\/01\/LOGO-1-GRAN.png\",\"contentUrl\":\"https:\/\/colegiocristianointegral.com\/wp-content\/uploads\/2021\/01\/LOGO-1-GRAN.png\",\"width\":1492,\"height\":335,\"caption\":\"Colegio Cristiano Integral\"},\"image\":{\"@id\":\"https:\/\/colegiocristianointegral.com\/#\/schema\/logo\/image\/\"}}]}<\/script>\n<!-- \/ Yoast SEO Premium plugin. -->","yoast_head_json":{"title":"CIRCULARS - Colegio Cristiano Integral","robots":{"index":"index","follow":"follow","max-snippet":"max-snippet:-1","max-image-preview":"max-image-preview:large","max-video-preview":"max-video-preview:-1"},"canonical":"https:\/\/colegiocristianointegral.com\/en\/circulars\/","og_locale":"en_US","og_type":"article","og_title":"CIRCULARES","og_url":"https:\/\/colegiocristianointegral.com\/en\/circulars\/","og_site_name":"Colegio Cristiano Integral","article_modified_time":"2026-03-17T12:56:12+00:00","twitter_card":"summary_large_image","twitter_misc":{"Est. reading time":"1 minute"},"schema":{"@context":"https:\/\/schema.org","@graph":[{"@type":"WebPage","@id":"https:\/\/colegiocristianointegral.com\/circulares\/","url":"https:\/\/colegiocristianointegral.com\/circulares\/","name":"CIRCULARS - Colegio Cristiano Integral","isPartOf":{"@id":"https:\/\/colegiocristianointegral.com\/#website"},"datePublished":"2021-01-18T17:14:44+00:00","dateModified":"2026-03-17T12:56:12+00:00","breadcrumb":{"@id":"https:\/\/colegiocristianointegral.com\/circulares\/#breadcrumb"},"inLanguage":"en-US","potentialAction":[{"@type":"ReadAction","target":["https:\/\/colegiocristianointegral.com\/circulares\/"]}]},{"@type":"BreadcrumbList","@id":"https:\/\/colegiocristianointegral.com\/circulares\/#breadcrumb","itemListElement":[{"@type":"ListItem","position":1,"name":"Home","item":"https:\/\/colegiocristianointegral.com\/"},{"@type":"ListItem","position":2,"name":"CIRCULARES"}]},{"@type":"WebSite","@id":"https:\/\/colegiocristianointegral.com\/#website","url":"https:\/\/colegiocristianointegral.com\/","name":"Colegio Cristiano Integral","description":"","publisher":{"@id":"https:\/\/colegiocristianointegral.com\/#organization"},"potentialAction":[{"@type":"SearchAction","target":{"@type":"EntryPoint","urlTemplate":"https:\/\/colegiocristianointegral.com\/?s={search_term_string}"},"query-input":{"@type":"PropertyValueSpecification","valueRequired":true,"valueName":"search_term_string"}}],"inLanguage":"en-US"},{"@type":"Organization","@id":"https:\/\/colegiocristianointegral.com\/#organization","name":"Colegio Cristiano Integral","url":"https:\/\/colegiocristianointegral.com\/","logo":{"@type":"ImageObject","inLanguage":"en-US","@id":"https:\/\/colegiocristianointegral.com\/#\/schema\/logo\/image\/","url":"https:\/\/colegiocristianointegral.com\/wp-content\/uploads\/2021\/01\/LOGO-1-GRAN.png","contentUrl":"https:\/\/colegiocristianointegral.com\/wp-content\/uploads\/2021\/01\/LOGO-1-GRAN.png","width":1492,"height":335,"caption":"Colegio Cristiano Integral"},"image":{"@id":"https:\/\/colegiocristianointegral.com\/#\/schema\/logo\/image\/"}}]}},"_links":{"self":[{"href":"https:\/\/colegiocristianointegral.com\/en\/wp-json\/wp\/v2\/pages\/11813","targetHints":{"allow":["GET"]}}],"collection":[{"href":"https:\/\/colegiocristianointegral.com\/en\/wp-json\/wp\/v2\/pages"}],"about":[{"href":"https:\/\/colegiocristianointegral.com\/en\/wp-json\/wp\/v2\/types\/page"}],"author":[{"embeddable":true,"href":"https:\/\/colegiocristianointegral.com\/en\/wp-json\/wp\/v2\/users\/1"}],"replies":[{"embeddable":true,"href":"https:\/\/colegiocristianointegral.com\/en\/wp-json\/wp\/v2\/comments?post=11813"}],"version-history":[{"count":253,"href":"https:\/\/colegiocristianointegral.com\/en\/wp-json\/wp\/v2\/pages\/11813\/revisions"}],"predecessor-version":[{"id":15039,"href":"https:\/\/colegiocristianointegral.com\/en\/wp-json\/wp\/v2\/pages\/11813\/revisions\/15039"}],"wp:attachment":[{"href":"https:\/\/colegiocristianointegral.com\/en\/wp-json\/wp\/v2\/media?parent=11813"}],"curies":[{"name":"wp","href":"https:\/\/api.w.org\/{rel}","templated":true}]}}